{"id":3501,"date":"2018-06-04T15:43:43","date_gmt":"2018-06-04T14:43:43","guid":{"rendered":"http:\/\/skiinginsiberia.com\/heliskiing\/"},"modified":"2020-09-24T09:54:49","modified_gmt":"2020-09-24T08:54:49","slug":"heliskiing","status":"publish","type":"page","link":"http:\/\/skiinginsiberia.com\/de\/heliskiing\/","title":{"rendered":"Heliskiing in Sibirien"},"content":{"rendered":"<div id=\"pl-3501\"  class=\"panel-layout\" ><div id=\"pg-3501-0\"  class=\"panel-grid panel-no-style\" ><div id=\"pgc-3501-0-0\"  class=\"panel-grid-cell\" ><div id=\"panel-3501-0-0-0\" class=\"so-panel widget widget_black-studio-tinymce widget_black_studio_tinymce panel-first-child panel-last-child\" data-index=\"0\" ><div class=\"textwidget\"><div id=\"pg-3322-0\" class=\"panel-grid panel-no-style\">\n<div id=\"pgc-3322-0-0\" class=\"panel-grid-cell\">\n<p>Sibirien ist ein riesiges Land mit unz\u00e4hligen Skiorten. Unser Bergf\u00fchrerteam hat ihre langj\u00e4hrige Erfahrung genutzt und die besten Ziele und Reiserouten zum Skifahren ausgew\u00e4hlt.<\/p>\n<p>Liebe Backcountry Skifahrer und Snowboarder, willkommen im Pulverschneemekka! Wir wissen, warum Du Skifahren liebst, weil wir auch Skifahrer sind. Es ist unser Ziel, mit Dir den tiefsten und leichtesten Pulverschnee sowie das abwechslungsreiche Gel\u00e4nde und die magische Landschaft Sibiriens zu teilen.<\/p>\n<p>Genau wie unsere Skitourenprogramme bieten wir unsere Heliski-Programme an zwei Zielorten in Sibirien an\u2013 am Baikalsee im Osten Sibiriens und in der Kusnetzker Alatau Bergregion im Westen Sibiriens. Der Baikalsee ist unser pr\u00e4feriertes Ziel zum Start der Saison, dort f\u00fchren wir Programme von Ende November bis Mitte Januar durch. Die Alatau Bergkette ist der ideale Ort f\u00fcr Skifahren von Anfang Februar bis Mitte M\u00e4rz. Die Regionen unterscheiden sich sehr von einander, jedoch ist jede f\u00fcr sich einzigartig und bietet ein unvergessliches Abenteuer und Entdeckungspotential mittels Heliski.<\/p>\n<p>Alle unsere Programme k\u00f6nnen individuell angepasst werden, sodass sie auf Deine W\u00fcnsche und F\u00e4higkeiten ma\u00dfgeschneidert sind. Dank unserer Erfahrung und Kenntnis dieser Region k\u00f6nnen wir eine Erkundungsreise mittels Heliski zu jeder sibirischen Bergkette organisieren. Frage uns einfach nach den Teil Sibiriens, welchen Du gerne besuchen m\u00f6chtest \u2013 gerne auch die abgelegensten Ecken \u2013 und wir werden Deine Tr\u00e4ume in Erf\u00fcllung gehen lassen.<\/p><\/div>\n<\/div>\n<\/div><\/div><\/div><\/div><div id=\"pg-3501-1\"  class=\"panel-grid panel-no-style\" ><div id=\"pgc-3501-1-0\"  class=\"panel-grid-cell\" ><div id=\"panel-3501-1-0-0\" class=\"so-panel widget widget_virtue_imgmenu_widget virtue_imgmenu_widget panel-first-child panel-last-child\" data-index=\"1\" ><div class=\" kadence_img_menu_widget kt_image_menu_widget-1-0-0 kad-animation\" data-animation=\"fade-in\" data-delay=\"150\"><a href=\"http:\/\/skiinginsiberia.com\/de\/heliskiing\/baikal-lake\/\" id=\"image-menu-id-widget-1-0-0\" class=\"homepromolink\" target=\"_self\"><div class=\"infobanner\" style=\"background: url(http:\/\/skiinginsiberia.com\/wp-content\/uploads\/2019\/12\/lake_baikal_heliski_77.jpg) center center no-repeat; height:400px; background-size: cover;\"><div class=\"home-message\" style=\"height:400px;\"><h5>Heliskiing am Baikalsee<\/h5><\/div><\/div><\/a><\/div><\/div><\/div><div id=\"pgc-3501-1-1\"  class=\"panel-grid-cell\" ><div id=\"panel-3501-1-1-0\" class=\"so-panel widget widget_virtue_imgmenu_widget virtue_imgmenu_widget panel-first-child panel-last-child\" data-index=\"2\" ><div class=\" kadence_img_menu_widget kt_image_menu_widget-1-1-0 kad-animation\" data-animation=\"fade-in\" data-delay=\"150\"><a href=\"http:\/\/skiinginsiberia.com\/de\/heliskiing\/alatau-heliskiing\/\" id=\"image-menu-id-widget-1-1-0\" class=\"homepromolink\" target=\"_self\"><div class=\"infobanner\" style=\"background: url(http:\/\/skiinginsiberia.com\/wp-content\/uploads\/2020\/03\/luzhba-guillaume-lahure-01.jpg) center center no-repeat; height:400px; background-size: cover;\"><div class=\"home-message\" style=\"height:400px;\"><h5>Alatau Heliskiing<\/h5><\/div><\/div><\/a><\/div><\/div><\/div><\/div><div id=\"pg-3501-2\"  class=\"panel-grid panel-no-style\" ><div id=\"pgc-3501-2-0\"  class=\"panel-grid-cell\" ><div id=\"panel-3501-2-0-0\" class=\"so-panel widget widget_virtue_imgmenu_widget virtue_imgmenu_widget panel-first-child panel-last-child\" data-index=\"3\" ><div class=\" kadence_img_menu_widget kt_image_menu_widget-2-0-0 kad-animation\" data-animation=\"fade-in\" data-delay=\"150\"><a href=\"http:\/\/skiinginsiberia.com\/de\/heliskiing\/baikal-lake\/private\/\" id=\"image-menu-id-widget-2-0-0\" class=\"homepromolink\" target=\"_self\"><div class=\"infobanner\" style=\"background: url(http:\/\/skiinginsiberia.com\/wp-content\/uploads\/2020\/04\/lake_baikal_heliskiing_2019_107.jpg) center center no-repeat; height:700px; background-size: cover;\"><div class=\"home-message\" style=\"height:700px;\"><h5>Heliskiing am Baikalsee - Privat<\/h5><\/div><\/div><\/a><\/div><\/div><\/div><\/div><\/div>","protected":false},"excerpt":{"rendered":"<p>Sibirien ist ein riesiges Land mit unz\u00e4hligen Skiorten. Unser Bergf\u00fchrerteam hat ihre langj\u00e4hrige Erfahrung genutzt und die besten Ziele und Reiserouten zum Skifahren ausgew\u00e4hlt. Liebe Backcountry Skifahrer und Snowboarder, willkommen im Pulverschneemekka! Wir wissen, warum Du Skifahren liebst, weil wir &hellip; <a class=\"kt-excerpt-readmore\" href=\"http:\/\/skiinginsiberia.com\/de\/heliskiing\/\" aria-label=\"Heliskiing in Sibirien\">Weiterlesen<\/a><\/p>\n","protected":false},"author":2,"featured_media":0,"parent":0,"menu_order":0,"comment_status":"closed","ping_status":"closed","template":"page-fullwidth.php","meta":[],"_links":{"self":[{"href":"http:\/\/skiinginsiberia.com\/de\/wp-json\/wp\/v2\/pages\/3501"}],"collection":[{"href":"http:\/\/skiinginsiberia.com\/de\/wp-json\/wp\/v2\/pages"}],"about":[{"href":"http:\/\/skiinginsiberia.com\/de\/wp-json\/wp\/v2\/types\/page"}],"author":[{"embeddable":true,"href":"http:\/\/skiinginsiberia.com\/de\/wp-json\/wp\/v2\/users\/2"}],"replies":[{"embeddable":true,"href":"http:\/\/skiinginsiberia.com\/de\/wp-json\/wp\/v2\/comments?post=3501"}],"version-history":[{"count":20,"href":"http:\/\/skiinginsiberia.com\/de\/wp-json\/wp\/v2\/pages\/3501\/revisions"}],"predecessor-version":[{"id":9906,"href":"http:\/\/skiinginsiberia.com\/de\/wp-json\/wp\/v2\/pages\/3501\/revisions\/9906"}],"wp:attachment":[{"href":"http:\/\/skiinginsiberia.com\/de\/wp-json\/wp\/v2\/media?parent=3501"}],"curies":[{"name":"wp","href":"https:\/\/api.w.org\/{rel}","templated":true}]}}