{"id":10220,"date":"2021-08-04T11:42:02","date_gmt":"2021-08-04T10:42:02","guid":{"rendered":"http:\/\/skiinginsiberia.com\/?page_id=10220"},"modified":"2022-03-14T21:08:00","modified_gmt":"2022-03-14T20:08:00","slug":"skiing-in-russia-statement-on-the-situation-in-ukraine","status":"publish","type":"page","link":"http:\/\/skiinginsiberia.com\/fr\/skiing-in-russia-statement-on-the-situation-in-ukraine\/","title":{"rendered":"Le communiqu\u00e9 de Skiing in Russia concernant situation en Ukraine"},"content":{"rendered":"<div id=\"pl-10220\"  class=\"panel-layout\" ><div id=\"pg-10220-0\"  class=\"panel-grid panel-no-style\" ><div id=\"pgc-10220-0-0\"  class=\"panel-grid-cell\" ><div id=\"panel-10220-0-0-0\" class=\"so-panel widget widget_black-studio-tinymce widget_black_studio_tinymce panel-first-child panel-last-child\" data-index=\"0\" ><div class=\"textwidget\"><p>L'une des missions de notre compagnie est de montrer que la Russie est un pays hospitalier, le peuple russe est heureux d'accueillir des invit\u00e9s d'autres pays. Aujourd'hui, cette terrible d\u00e9cision de quelques t\u00e9m\u00e9raires a d\u00e9truit tout ce que des dizaines de milliers de personnes travaillant dans l'industrie du voyage russe ont fait pendant de nombreuses ann\u00e9es.<\/p>\n<p>Oui, nous parlons de montagnes et non politiques, d'une partie compl\u00e8tement diff\u00e9rente de la Russie. Mais nous avons honte de ce qui se passe m\u00eame si ces actions folles ne d\u00e9pendent pas de nous. Nous, comme tous les gens raisonnables et pacifiques, regardons avec horreur ce qui se passe en Ukraine. Nous consid\u00e9rons la guerre d\u00e9clench\u00e9e comme un crime grave et esp\u00e9rons vivement la fin rapide de cette action insens\u00e9e. Nous tenons \u00e0 exprimer notre sympathie au peuple ukrainien et lui souhaitons sant\u00e9 et s\u00e9curit\u00e9, ainsi qu'une d\u00e9livrance rapide du cauchemar de l'agression.<\/p>\n<p>Nous esp\u00e9rons une fin rapide des hostilit\u00e9s. Nous voulons croire que la communaut\u00e9 mondiale prendra les mesures ad\u00e9quates pour arr\u00eater l'agression et punir l'agresseur - non seulement la vie et la sant\u00e9 des citoyens innocents de l'Ukraine ind\u00e9pendante, mais aussi la s\u00e9curit\u00e9 du monde entier en d\u00e9pendent.<\/p>\n<p>Dans la situation actuelle, nous sommes oblig\u00e9s de suspendre tous nos programmes en Russie pour une dur\u00e9e ind\u00e9termin\u00e9e. Nous esp\u00e9rons un r\u00e9tablissement rapide de la paix et de la justice, et nous faisons tout ce qui est en notre pouvoir pour rapprocher ce jour.<\/p>\n<p>Merci d'avoir \u00e9t\u00e9 avec nous toutes ces ann\u00e9es,<br \/>\nUn \u00e9quipe de Skiing in Russia<\/p>\n<div class=\"hrule clearfix\" style=\" height:1px\"><\/div>\n<p>Notre fondateur et chef-guide Grigory Mintsev continue ses aventures de ski partout dans le monde. Si vous \u00eates int\u00e9ress\u00e9 \u00e0 skier avec lui ou \u00e0 passer des cours de s\u00e9curit\u00e9 d'avalanche, veuillez consulter son site Web personnel - <a href=\"http:\/\/climbtoski.com\/\">climbtoski.com<\/a><\/p>\n<\/div><\/div><\/div><\/div><\/div>","protected":false},"excerpt":{"rendered":"<p>L&rsquo;une des missions de notre compagnie est de montrer que la Russie est un pays hospitalier, le peuple russe est heureux d&rsquo;accueillir des invit\u00e9s d&rsquo;autres pays. Aujourd&rsquo;hui, cette terrible d\u00e9cision de quelques t\u00e9m\u00e9raires a d\u00e9truit tout ce que des dizaines &hellip; <a class=\"kt-excerpt-readmore\" href=\"http:\/\/skiinginsiberia.com\/fr\/skiing-in-russia-statement-on-the-situation-in-ukraine\/\" aria-label=\"Le communiqu\u00e9 de Skiing in Russia concernant situation en Ukraine\">Lire la suite<\/a><\/p>\n","protected":false},"author":2,"featured_media":0,"parent":0,"menu_order":0,"comment_status":"closed","ping_status":"closed","template":"page-fullwidth.php","meta":[],"_links":{"self":[{"href":"http:\/\/skiinginsiberia.com\/fr\/wp-json\/wp\/v2\/pages\/10220"}],"collection":[{"href":"http:\/\/skiinginsiberia.com\/fr\/wp-json\/wp\/v2\/pages"}],"about":[{"href":"http:\/\/skiinginsiberia.com\/fr\/wp-json\/wp\/v2\/types\/page"}],"author":[{"embeddable":true,"href":"http:\/\/skiinginsiberia.com\/fr\/wp-json\/wp\/v2\/users\/2"}],"replies":[{"embeddable":true,"href":"http:\/\/skiinginsiberia.com\/fr\/wp-json\/wp\/v2\/comments?post=10220"}],"version-history":[{"count":12,"href":"http:\/\/skiinginsiberia.com\/fr\/wp-json\/wp\/v2\/pages\/10220\/revisions"}],"predecessor-version":[{"id":10461,"href":"http:\/\/skiinginsiberia.com\/fr\/wp-json\/wp\/v2\/pages\/10220\/revisions\/10461"}],"wp:attachment":[{"href":"http:\/\/skiinginsiberia.com\/fr\/wp-json\/wp\/v2\/media?parent=10220"}],"curies":[{"name":"wp","href":"https:\/\/api.w.org\/{rel}","templated":true}]}}