{"id":2425,"date":"2018-07-12T07:47:59","date_gmt":"2018-07-12T06:47:59","guid":{"rendered":"http:\/\/skiinginsiberia.com\/?page_id=2425"},"modified":"2024-05-09T10:07:35","modified_gmt":"2024-05-09T09:07:35","slug":"home","status":"publish","type":"page","link":"http:\/\/skiinginsiberia.com\/fr\/","title":{"rendered":"Home"},"content":{"rendered":"<div id=\"pl-2425\"  class=\"panel-layout\" ><div id=\"pg-2425-0\"  class=\"panel-grid panel-no-style\" ><div id=\"pgc-2425-0-0\"  class=\"panel-grid-cell\" ><div id=\"panel-2425-0-0-0\" class=\"so-panel widget widget_sow-editor panel-first-child\" data-index=\"0\" ><div class=\"so-widget-sow-editor so-widget-sow-editor-base\">\n<div class=\"siteorigin-widget-tinymce textwidget\">\n\t<h5 style=\"text-align: center;\">Nos op\u00e9rations en Russie sont <a href=\"http:\/\/skiinginsiberia.com\/fr\/skiing-in-russia-statement-on-the-situation-in-ukraine\/\" target=\"_blank\" rel=\"noopener\">suspendues pour une p\u00e9riode ind\u00e9termin\u00e9e<\/a>.<\/h5>\n<h5 style=\"text-align: center;\">L'hiver dernier, nous sommes devenus partie int\u00e9grante d'un nouveau projet de ski de randonn\u00e9e dans les montagnes de l'Alta\u00ef,<br \/>\nau Kazakhstan orientale. Contrairement \u00e0 la Russie de nos jours, le Kazakhstan est un pays paisible, accueillant et s\u00fbr,<br \/>\navec une logistique relativement facile et sans visa pour la plupart des nationalit\u00e9s.<\/h5>\n<h5 style=\"text-align: center;\">\u00c9tant g\u00e9ographiquement situ\u00e9es en Sib\u00e9rie, les montagnes de l'Alta\u00ef offrent la m\u00eame<br \/>\ngarantie de ski en poudreuse d\u00e8s le d\u00e9but du mois de novembre.<br \/>\nNous op\u00e9rons sur 25 kilom\u00e8tres carr\u00e9s de terrain exclusif, avec les meilleures descentes en for\u00eat en Asie centrale,<br \/>\net nous proposons du ski de randonn\u00e9e de premi\u00e8re classe garanti, ainsi qu'un h\u00e9bergement authentique et confortable.<\/h5>\n<h5 style=\"text-align: center;\">Pour en savoir plus, veuillez visiter le site web de <a href=\"https:\/\/altaymountainlodge.com\/\">l'Altay Mountain Lodge &amp; Yurts<\/a><\/h5>\n<\/div>\n<\/div><\/div><div id=\"panel-2425-0-0-1\" class=\"so-panel widget widget_sow-image panel-last-child\" data-index=\"1\" ><div class=\"so-widget-sow-image so-widget-sow-image-default-d6014b76747a-2425\">\n\n<div class=\"sow-image-container\">\n\t\t\t<a\n\t\t\thref=\"https:\/\/altaymountainlodge.com\/\"\n\t\t\t\t\t>\n\t\t\t<img src=\"http:\/\/skiinginsiberia.com\/wp-content\/uploads\/2024\/05\/aml_full_01-2.jpg\" width=\"2500\" height=\"1235\" srcset=\"http:\/\/skiinginsiberia.com\/wp-content\/uploads\/2024\/05\/aml_full_01-2.jpg 2500w, http:\/\/skiinginsiberia.com\/wp-content\/uploads\/2024\/05\/aml_full_01-2-300x148.jpg 300w, http:\/\/skiinginsiberia.com\/wp-content\/uploads\/2024\/05\/aml_full_01-2-1024x506.jpg 1024w, http:\/\/skiinginsiberia.com\/wp-content\/uploads\/2024\/05\/aml_full_01-2-768x379.jpg 768w, http:\/\/skiinginsiberia.com\/wp-content\/uploads\/2024\/05\/aml_full_01-2-1536x759.jpg 1536w, http:\/\/skiinginsiberia.com\/wp-content\/uploads\/2024\/05\/aml_full_01-2-2048x1012.jpg 2048w\" sizes=\"(max-width: 2500px) 100vw, 2500px\" title=\"default\" alt=\"\" loading=\"lazy\" \t\tclass=\"so-widget-image\"\/>\n\t<\/a><\/div>\n\n<\/div><\/div><\/div><\/div><\/div>","protected":false},"excerpt":{"rendered":"<p>Nos op\u00e9rations en Russie sont suspendues pour une p\u00e9riode ind\u00e9termin\u00e9e. L&rsquo;hiver dernier, nous sommes devenus partie int\u00e9grante d&rsquo;un nouveau projet de ski de randonn\u00e9e dans les montagnes de l&rsquo;Alta\u00ef, au Kazakhstan orientale. Contrairement \u00e0 la Russie de nos jours, le &hellip; <a class=\"kt-excerpt-readmore\" href=\"http:\/\/skiinginsiberia.com\/fr\/\" aria-label=\"Home\">Lire la suite<\/a><\/p>\n","protected":false},"author":3,"featured_media":0,"parent":0,"menu_order":0,"comment_status":"open","ping_status":"open","template":"","meta":[],"_links":{"self":[{"href":"http:\/\/skiinginsiberia.com\/fr\/wp-json\/wp\/v2\/pages\/2425"}],"collection":[{"href":"http:\/\/skiinginsiberia.com\/fr\/wp-json\/wp\/v2\/pages"}],"about":[{"href":"http:\/\/skiinginsiberia.com\/fr\/wp-json\/wp\/v2\/types\/page"}],"author":[{"embeddable":true,"href":"http:\/\/skiinginsiberia.com\/fr\/wp-json\/wp\/v2\/users\/3"}],"replies":[{"embeddable":true,"href":"http:\/\/skiinginsiberia.com\/fr\/wp-json\/wp\/v2\/comments?post=2425"}],"version-history":[{"count":45,"href":"http:\/\/skiinginsiberia.com\/fr\/wp-json\/wp\/v2\/pages\/2425\/revisions"}],"predecessor-version":[{"id":10771,"href":"http:\/\/skiinginsiberia.com\/fr\/wp-json\/wp\/v2\/pages\/2425\/revisions\/10771"}],"wp:attachment":[{"href":"http:\/\/skiinginsiberia.com\/fr\/wp-json\/wp\/v2\/media?parent=2425"}],"curies":[{"name":"wp","href":"https:\/\/api.w.org\/{rel}","templated":true}]}}