{"id":3591,"date":"2015-07-27T12:25:28","date_gmt":"2015-07-27T11:25:28","guid":{"rendered":"http:\/\/skiinginsiberia.com\/skitouring\/"},"modified":"2020-06-19T09:37:52","modified_gmt":"2020-06-19T08:37:52","slug":"skitouring","status":"publish","type":"page","link":"http:\/\/skiinginsiberia.com\/fr\/skitouring\/","title":{"rendered":"Ski de randonn\u00e9e"},"content":{"rendered":"<div id=\"pl-3591\"  class=\"panel-layout\" ><div id=\"pg-3591-0\"  class=\"panel-grid panel-no-style\" ><div id=\"pgc-3591-0-0\"  class=\"panel-grid-cell\" ><div id=\"panel-3591-0-0-0\" class=\"so-panel widget widget_black-studio-tinymce widget_black_studio_tinymce panel-first-child panel-last-child\" data-index=\"0\" ><h3 class=\"widget-title\">Ski de randonn\u00e9e et splitboard en Sib\u00e9rie<\/h3><div class=\"textwidget\"><p>La Sib\u00e9rie est un territoire immense avec d'innombrables endroits de ski. Grace \u00e0 toutes nos ann\u00e9es d\u2019exp\u00e9rience, notre \u00e9quipe de guides a s\u00e9lectionn\u00e9 les meilleurs destinations et itin\u00e9raires de ski. Nos r\u00e9gions de randonn\u00e9e \u00e0 ski sont celles de Kuznetskiy Alatau en Sib\u00e9rie occidentale et de Khamar-Daban (pr\u00e8s du lac Ba\u00efkal) en Sib\u00e9rie orientale. Et nous ne cessons jamais de chercher de nouveaux spots offrant les meilleures conditions de neige, de terrain et de vues magnifiques.<\/p>\n<p>Chers amis skieurs et snowboardeurs, bienvenue dans la Mecque de la poudreuse! Nous savons pourquoi vous aimez skier, car nous sommes aussi des skieurs. Notre objectif est de partager avec vous la poudreuse la plus profonde et la plus l\u00e9g\u00e8re, un terrain vari\u00e9 et des paysages magiques sib\u00e9riens.<\/p>\n<p>Tous nos programmes peuvent \u00eatre personnalis\u00e9s pour r\u00e9pondre au mieux \u00e0 vos d\u00e9sirs et \u00e0 vos capacit\u00e9s. Gr\u00e2ce \u00e0 notre exp\u00e9rience et \u00e0 notre connaissance de cette r\u00e9gion, nous pouvons organiser un voyage ou une exp\u00e9dition dans n\u2019importe quelle cha\u00eene de montagnes sib\u00e9rienne. Donnez nous simplement vos id\u00e9es, m\u00eame les coins les plus recul\u00e9s, et nous r\u00e9aliserons vos r\u00eaves.<\/p>\n<\/div><\/div><\/div><\/div><div id=\"pg-3591-1\"  class=\"panel-grid panel-no-style\" ><div id=\"pgc-3591-1-0\"  class=\"panel-grid-cell\" ><div id=\"panel-3591-1-0-0\" class=\"so-panel widget widget_virtue_imgmenu_widget virtue_imgmenu_widget panel-first-child panel-last-child\" data-index=\"1\" ><div class=\" kadence_img_menu_widget kt_image_menu_widget-1-0-0 kad-animation\" data-animation=\"fade-in\" data-delay=\"150\"><a href=\"http:\/\/skiinginsiberia.com\/fr\/skitouring\/luzhba\/\" id=\"image-menu-id-widget-1-0-0\" class=\"homepromolink\" target=\"_self\"><div class=\"infobanner\" style=\"background: url(http:\/\/skiinginsiberia.com\/wp-content\/uploads\/2015\/06\/01_siberia_luzhba_048.jpg) center center no-repeat; height:400px; background-size: cover;\"><div class=\"home-message\" style=\"height:400px;\"><h5>Ski de randonn\u00e9e \u00e0 Luzhba<\/h5><\/div><\/div><\/a><\/div><\/div><\/div><div id=\"pgc-3591-1-1\"  class=\"panel-grid-cell\" ><div id=\"panel-3591-1-1-0\" class=\"so-panel widget widget_virtue_imgmenu_widget virtue_imgmenu_widget panel-first-child panel-last-child\" data-index=\"2\" ><div class=\" kadence_img_menu_widget kt_image_menu_widget-1-1-0 kad-animation\" data-animation=\"fade-in\" data-delay=\"150\"><a href=\"http:\/\/skiinginsiberia.com\/fr\/skitouring\/lake-baikal-skitouring\/\" id=\"image-menu-id-widget-1-1-0\" class=\"homepromolink\" target=\"_self\"><div class=\"infobanner\" style=\"background: url(http:\/\/skiinginsiberia.com\/wp-content\/uploads\/2017\/01\/skitouring_siberia_baikal-lake_05.jpg) center center no-repeat; height:400px; background-size: cover;\"><div class=\"home-message\" style=\"height:400px;\"><h5>Ski de randonn\u00e9e au lac Ba\u00efkal<\/h5><\/div><\/div><\/a><\/div><\/div><\/div><\/div><div id=\"pg-3591-2\"  class=\"panel-grid panel-no-style\" ><div id=\"pgc-3591-2-0\"  class=\"panel-grid-cell\" ><div id=\"panel-3591-2-0-0\" class=\"so-panel widget widget_virtue_gmap_widget virtue_gmap_widget panel-first-child panel-last-child\" data-index=\"3\" >\t\t<div id=\"map_address486\" style=\"height:550px; margin-bottom:20px;\" class=\"kad_google_map kt-gmap-js-init\" data-maptype=\"TERRAIN\" data-map-scrollwheel=\"false\" data-mapzoom=\"5\" data-mapcenter=\"Biskamzha\" data-address1=\"Luzhba, Kemerovo Oblast, Russia\" data-address2=\"51.204407, 104.521791\" data-address3=\"\" data-address4=\"\" data-position1=\"\" data-position2=\"\" data-position3=\"\" data-position4=\"\" data-title1=\"Ski de randonn\u00e9e \u00e0 Luzhba\" data-title2=\"Ski de randonn\u00e9e au lac Ba\u00efkal \" data-title3=\"\" data-title4=\"\">\n\t\t<\/div>\n\t\t<\/div><\/div><\/div><\/div>","protected":false},"excerpt":{"rendered":"<p>La Sib\u00e9rie est un territoire immense avec d&rsquo;innombrables endroits de ski. Grace \u00e0 toutes nos ann\u00e9es d\u2019exp\u00e9rience, notre \u00e9quipe de guides a s\u00e9lectionn\u00e9 les meilleurs destinations et itin\u00e9raires de ski. Nos r\u00e9gions de randonn\u00e9e \u00e0 ski sont celles de Kuznetskiy &hellip; <a class=\"kt-excerpt-readmore\" href=\"http:\/\/skiinginsiberia.com\/fr\/skitouring\/\" aria-label=\"Ski de randonn\u00e9e\">Lire la suite<\/a><\/p>\n","protected":false},"author":3,"featured_media":0,"parent":0,"menu_order":0,"comment_status":"closed","ping_status":"open","template":"page-fullwidth.php","meta":[],"_links":{"self":[{"href":"http:\/\/skiinginsiberia.com\/fr\/wp-json\/wp\/v2\/pages\/3591"}],"collection":[{"href":"http:\/\/skiinginsiberia.com\/fr\/wp-json\/wp\/v2\/pages"}],"about":[{"href":"http:\/\/skiinginsiberia.com\/fr\/wp-json\/wp\/v2\/types\/page"}],"author":[{"embeddable":true,"href":"http:\/\/skiinginsiberia.com\/fr\/wp-json\/wp\/v2\/users\/3"}],"replies":[{"embeddable":true,"href":"http:\/\/skiinginsiberia.com\/fr\/wp-json\/wp\/v2\/comments?post=3591"}],"version-history":[{"count":20,"href":"http:\/\/skiinginsiberia.com\/fr\/wp-json\/wp\/v2\/pages\/3591\/revisions"}],"predecessor-version":[{"id":9612,"href":"http:\/\/skiinginsiberia.com\/fr\/wp-json\/wp\/v2\/pages\/3591\/revisions\/9612"}],"wp:attachment":[{"href":"http:\/\/skiinginsiberia.com\/fr\/wp-json\/wp\/v2\/media?parent=3591"}],"curies":[{"name":"wp","href":"https:\/\/api.w.org\/{rel}","templated":true}]}}