{"id":7795,"date":"2019-10-04T08:50:47","date_gmt":"2019-10-04T07:50:47","guid":{"rendered":"http:\/\/skiinginsiberia.com\/?page_id=7795"},"modified":"2020-09-24T09:48:48","modified_gmt":"2020-09-24T08:48:48","slug":"heliskiing","status":"publish","type":"page","link":"http:\/\/skiinginsiberia.com\/fr\/heliskiing\/","title":{"rendered":"H\u00e9liski en Sib\u00e9rie"},"content":{"rendered":"<div id=\"pl-7795\"  class=\"panel-layout\" ><div id=\"pg-7795-0\"  class=\"panel-grid panel-no-style\" ><div id=\"pgc-7795-0-0\"  class=\"panel-grid-cell\" ><div id=\"panel-7795-0-0-0\" class=\"so-panel widget widget_black-studio-tinymce widget_black_studio_tinymce panel-first-child panel-last-child\" data-index=\"0\" ><div class=\"textwidget\"><div class=\"textwidget\">\n<p>La Sib\u00e9rie est un territoire immense avec d'innombrables endroits de ski. Grace \u00e0 toutes nos ann\u00e9es d\u2019exp\u00e9rience, notre \u00e9quipe de guides a s\u00e9lectionn\u00e9 les meilleurs destinations et itin\u00e9raires de ski.<\/p>\n<p>Chers amis skieurs et snowboardeurs, bienvenue dans la Mecque de la poudreuse! Nous savons pourquoi vous aimez skier, car nous sommes aussi des skieurs. Notre objectif est de partager avec vous la poudreuse la plus profonde et la plus l\u00e9g\u00e8re, un terrain vari\u00e9 et des paysages magiques sib\u00e9riens.<\/p>\n<p>Nous organisons des programmes d'h\u00e9liski dans deux destinations sib\u00e9riennes - la r\u00e9gion du lac Ba\u00efkal en Sib\u00e9rie orientale et la cha\u00eene Kuznetsky Alatau en Sib\u00e9rie occidentale. Le lac Ba\u00efkal est notre destination de d\u00e9but de saison, nous y organisons des programmes de fin novembre \u00e0 mi-janvier. Et la cha\u00eene Alatau, est un endroit \u00e0 visiter du d\u00e9but f\u00e9vrier \u00e0 la mi-mars. Les r\u00e9gions sont assez diff\u00e9rentes, mais tout les deux sont uniques et offrent une exp\u00e9rience inoubliable d'aventures et d'h\u00e9liski exploratoire.<\/p>\n<p>Tous nos programmes peuvent \u00eatre personnalis\u00e9s pour r\u00e9pondre au mieux \u00e0 vos d\u00e9sirs et \u00e0 vos capacit\u00e9s. Gr\u00e2ce \u00e0 notre exp\u00e9rience et \u00e0 notre connaissance de cette r\u00e9gion, nous pouvons organiser un h\u00e9liski dans n\u2019importe quelle cha\u00eene de montagnes sib\u00e9rienne. Donnez nous simplement vos id\u00e9es, m\u00eame les coins les plus recul\u00e9s, et nous r\u00e9aliserons vos r\u00eaves.<\/p><\/div>\n<\/div><\/div><\/div><\/div><div id=\"pg-7795-1\"  class=\"panel-grid panel-no-style\" ><div id=\"pgc-7795-1-0\"  class=\"panel-grid-cell\" ><div id=\"panel-7795-1-0-0\" class=\"so-panel widget widget_virtue_imgmenu_widget virtue_imgmenu_widget panel-first-child panel-last-child\" data-index=\"1\" ><div class=\" kadence_img_menu_widget kt_image_menu_widget-1-0-0 kad-animation\" data-animation=\"fade-in\" data-delay=\"150\"><a href=\"http:\/\/skiinginsiberia.com\/fr\/heliskiing\/baikal-lake\/\" id=\"image-menu-id-widget-1-0-0\" class=\"homepromolink\" target=\"_self\"><div class=\"infobanner\" style=\"background: url(http:\/\/skiinginsiberia.com\/wp-content\/uploads\/2019\/12\/lake_baikal_heliski_77.jpg) center center no-repeat; height:400px; background-size: cover;\"><div class=\"home-message\" style=\"height:400px;\"><h5>Lac Ba\u00efkal Heliski<\/h5><\/div><\/div><\/a><\/div><\/div><\/div><div id=\"pgc-7795-1-1\"  class=\"panel-grid-cell\" ><div id=\"panel-7795-1-1-0\" class=\"so-panel widget widget_virtue_imgmenu_widget virtue_imgmenu_widget panel-first-child panel-last-child\" data-index=\"2\" ><div class=\" kadence_img_menu_widget kt_image_menu_widget-1-1-0 kad-animation\" data-animation=\"fade-in\" data-delay=\"150\"><a href=\"http:\/\/skiinginsiberia.com\/fr\/heliskiing\/alatau-heliskiing\/\" id=\"image-menu-id-widget-1-1-0\" class=\"homepromolink\" target=\"_self\"><div class=\"infobanner\" style=\"background: url(http:\/\/skiinginsiberia.com\/wp-content\/uploads\/2020\/03\/luzhba-guillaume-lahure-01.jpg) center center no-repeat; height:400px; background-size: cover;\"><div class=\"home-message\" style=\"height:400px;\"><h5>Alatau Heliski<\/h5><\/div><\/div><\/a><\/div><\/div><\/div><\/div><div id=\"pg-7795-2\"  class=\"panel-grid panel-no-style\" ><div id=\"pgc-7795-2-0\"  class=\"panel-grid-cell\" ><div id=\"panel-7795-2-0-0\" class=\"so-panel widget widget_virtue_imgmenu_widget virtue_imgmenu_widget panel-first-child panel-last-child\" data-index=\"3\" ><div class=\" kadence_img_menu_widget kt_image_menu_widget-2-0-0 kad-animation\" data-animation=\"fade-in\" data-delay=\"150\"><a href=\"http:\/\/skiinginsiberia.com\/fr\/heliskiing\/baikal-lake\/private\/\" id=\"image-menu-id-widget-2-0-0\" class=\"homepromolink\" target=\"_self\"><div class=\"infobanner\" style=\"background: url(http:\/\/skiinginsiberia.com\/wp-content\/uploads\/2020\/04\/lake_baikal_heliskiing_2019_107.jpg) center center no-repeat; height:700px; background-size: cover;\"><div class=\"home-message\" style=\"height:700px;\"><h5>Lac Ba\u00efkal Heliski - Priv\u00e9e<\/h5><\/div><\/div><\/a><\/div><\/div><\/div><\/div><\/div>","protected":false},"excerpt":{"rendered":"<p>La Sib\u00e9rie est un territoire immense avec d&rsquo;innombrables endroits de ski. Grace \u00e0 toutes nos ann\u00e9es d\u2019exp\u00e9rience, notre \u00e9quipe de guides a s\u00e9lectionn\u00e9 les meilleurs destinations et itin\u00e9raires de ski. Chers amis skieurs et snowboardeurs, bienvenue dans la Mecque de &hellip; <a class=\"kt-excerpt-readmore\" href=\"http:\/\/skiinginsiberia.com\/fr\/heliskiing\/\" aria-label=\"H\u00e9liski en Sib\u00e9rie\">Lire la suite<\/a><\/p>\n","protected":false},"author":2,"featured_media":0,"parent":0,"menu_order":0,"comment_status":"closed","ping_status":"closed","template":"page-fullwidth.php","meta":[],"_links":{"self":[{"href":"http:\/\/skiinginsiberia.com\/fr\/wp-json\/wp\/v2\/pages\/7795"}],"collection":[{"href":"http:\/\/skiinginsiberia.com\/fr\/wp-json\/wp\/v2\/pages"}],"about":[{"href":"http:\/\/skiinginsiberia.com\/fr\/wp-json\/wp\/v2\/types\/page"}],"author":[{"embeddable":true,"href":"http:\/\/skiinginsiberia.com\/fr\/wp-json\/wp\/v2\/users\/2"}],"replies":[{"embeddable":true,"href":"http:\/\/skiinginsiberia.com\/fr\/wp-json\/wp\/v2\/comments?post=7795"}],"version-history":[{"count":16,"href":"http:\/\/skiinginsiberia.com\/fr\/wp-json\/wp\/v2\/pages\/7795\/revisions"}],"predecessor-version":[{"id":9902,"href":"http:\/\/skiinginsiberia.com\/fr\/wp-json\/wp\/v2\/pages\/7795\/revisions\/9902"}],"wp:attachment":[{"href":"http:\/\/skiinginsiberia.com\/fr\/wp-json\/wp\/v2\/media?parent=7795"}],"curies":[{"name":"wp","href":"https:\/\/api.w.org\/{rel}","templated":true}]}}