{"id":7817,"date":"2019-10-04T12:30:15","date_gmt":"2019-10-04T11:30:15","guid":{"rendered":"http:\/\/skiinginsiberia.com\/?page_id=7817"},"modified":"2022-04-02T19:32:13","modified_gmt":"2022-04-02T18:32:13","slug":"movies","status":"publish","type":"page","link":"http:\/\/skiinginsiberia.com\/fr\/movies\/","title":{"rendered":"Media"},"content":{"rendered":"<div id=\"pl-7817\"  class=\"panel-layout\" ><div id=\"pg-7817-0\"  class=\"panel-grid panel-no-style\" ><div id=\"pgc-7817-0-0\"  class=\"panel-grid-cell\" ><div id=\"panel-7817-0-0-0\" class=\"so-panel widget widget_black-studio-tinymce widget_black_studio_tinymce panel-first-child\" data-index=\"0\" ><h3 class=\"widget-title\">Des articles<\/h3><div class=\"textwidget\"><p>Tous ces articles ont \u00e9t\u00e9 \u00e9crits par nos clients ou partenaires et repr\u00e9sentent nos destinations en Sib\u00e9rie occidentale et orientale.<\/p>\n<h5><a href=\"https:\/\/www.ski-libre.com\/skitrips\/ski-trip-en-siberie\/\" target=\"_blank\" rel=\"noopener\">Ski Trip en Sib\u00e9rie.<\/a> Ski-libre.com, d\u00e9cembre 2021.<\/h5>\n<h5><a href=\"https:\/\/www.skipass.com\/news\/197958-ski-siberie.html\" target=\"_blank\" rel=\"noopener\">Ski de rando en Sib\u00e9rie, volume I. <\/a>Skipass.com, janvier 2020.<\/h5>\n<h5><a href=\"https:\/\/www.skipass.com\/news\/198024-ski-rando-russie.html\" target=\"_blank\" rel=\"noopener\">Ski de rando en Sib\u00e9rie, volume II. <\/a>Skipass.com, janvier 2020.<\/h5>\n<h5><a href=\"https:\/\/skialper.it\/alla-ricerca-del-cristallo-perfetto-2\/\" target=\"_blank\" rel=\"noopener\">Alla ricerca del cristallo perfetto. <\/a>Skialper magazine, janvier 2020 (en italien).<\/h5>\n<h5><a href=\"https:\/\/www.stern.de\/p\/plus\/genuss-reise\/tiefer--9088882.html\" target=\"_blank\" rel=\"noopener\">Tiefer!<\/a> Stern, janvier 2020 (en allemand).<\/h5>\n<h5><a href=\"https:\/\/www.skirandomag.com\/2018\/11\/16\/siberie-camp-de-base-a-luzhba\/\" target=\"_blank\" rel=\"noopener\">Sib\u00e9rie: camp de base \u00e0 Luzhba. <\/a>Ski Rando Magazine, <span class=\"tlid-translation translation\" lang=\"fr\"><span class=\"\" title=\"\">d\u00e9cembre<\/span><\/span> 2019.<\/h5>\n<h5><a href=\"https:\/\/ascentbackcountry.com\/siberia\/\">Siberia<\/a>. Ascent, Backcountry Snow Journal, mars 2019. (en anglais)<\/h5>\n<h5><a href=\"https:\/\/www.stylealtitude.com\/skiing-in-siberia-luzhba-skitouring-lodge-skitour-feature.html\" target=\"_blank\" rel=\"noopener\">The snow Gods delivered the goods for us at Luzhba Skitouring Lodge. <\/a>Style Altitude ski blog, December 2018. (en anglais)<\/h5>\n<h5><a href=\"https:\/\/bergstolz.de\/aktuelle-ausgabe\/78\/39\/\" target=\"_blank\" rel=\"noopener\">Sibirien. Mystery Meat, Miracle Snow<\/a>. Bergstolz magazine, 10 | 2018 (en allemand).<\/h5>\n<h5><\/h5>\n<p>&nbsp;<\/p>\n<\/div><\/div><div id=\"panel-7817-0-0-1\" class=\"so-panel widget widget_virtue_gallery_widget virtue_gallery_widget panel-last-child\" data-index=\"1\" >\t<div class=\"carousel-outer-container kad-wp-gallery kad-animation\" data-animation=\"fade-in\" data-delay=\"0\">\n\t    <div id=\"gallery-carousel-26\" class=\"rowtight\">\n\t     \t<div id=\"carousel-26\" class=\"slick-slider kt-slickslider gallery kad-light-wp-gallery kt-image-carousel loading clearfix\" data-slider-fade=\"false\" data-slider-type=\"content-carousel\" data-slider-anim-speed=\"400\" data-slider-arrows=\"true\" data-slider-scroll=\"1\" data-slider-auto=true\" data-slider-speed=\"9000\" data-slider-xxl=\"5\" data-slider-xl=\"5\" data-slider-md=\"5\" data-slider-sm=\"4\" data-slider-xs=\"3\" data-slider-ss=\"2\">\n\t            <div class=\"tcol-lg-25 tcol-md-25 tcol-sm-3 tcol-xs-4 tcol-ss-6 g_item\"><div class=\"carousel_item grid_item gallery_item\"><a href=\"http:\/\/skiinginsiberia.com\/wp-content\/uploads\/2020\/05\/siberia_publications_03-300x292.jpg\" data-rel=\"lightbox\" class=\"gallery-link\"><div class=\"kt-intrinsic\" style=\"padding-bottom:100%;\"><div itemprop=\"image\" itemscope itemtype=\"https:\/\/schema.org\/ImageObject\"><img width=\"240\" height=\"240\" src=\"http:\/\/skiinginsiberia.com\/wp-content\/uploads\/2020\/05\/siberia_publications_03-240x240.jpg\" srcset=\"http:\/\/skiinginsiberia.com\/wp-content\/uploads\/2020\/05\/siberia_publications_03-240x240.jpg 240w, http:\/\/skiinginsiberia.com\/wp-content\/uploads\/2020\/05\/siberia_publications_03-150x150.jpg 150w, http:\/\/skiinginsiberia.com\/wp-content\/uploads\/2020\/05\/siberia_publications_03-480x480.jpg 480w\" sizes=\"(max-width: 240px) 100vw, 240px\" data-grid-id=\"0\" data-caption=\"Skipass.com\" class=\"kt-gallery-img\" itemprop=\"contentUrl\" alt=\"\"><meta itemprop=\"url\" content=\"http:\/\/skiinginsiberia.com\/wp-content\/uploads\/2020\/05\/siberia_publications_03-240x240.jpg\"><meta itemprop=\"width\" content=\"240px\"><meta itemprop=\"height\" content=\"240px\"><\/div><\/div><div class=\"caption kad_caption\"><div class=\"kad_caption_inner\">Skipass.com<\/div><\/div><\/a><\/div><\/div><div class=\"tcol-lg-25 tcol-md-25 tcol-sm-3 tcol-xs-4 tcol-ss-6 g_item\"><div class=\"carousel_item grid_item gallery_item\"><a href=\"http:\/\/skiinginsiberia.com\/wp-content\/uploads\/2020\/05\/siberia_publications_06-300x186.jpg\" data-rel=\"lightbox\" class=\"gallery-link\"><div class=\"kt-intrinsic\" style=\"padding-bottom:100%;\"><div itemprop=\"image\" itemscope itemtype=\"https:\/\/schema.org\/ImageObject\"><img width=\"240\" height=\"240\" src=\"http:\/\/skiinginsiberia.com\/wp-content\/uploads\/2020\/05\/siberia_publications_06-240x240.jpg\" srcset=\"http:\/\/skiinginsiberia.com\/wp-content\/uploads\/2020\/05\/siberia_publications_06-240x240.jpg 240w, http:\/\/skiinginsiberia.com\/wp-content\/uploads\/2020\/05\/siberia_publications_06-150x150.jpg 150w, http:\/\/skiinginsiberia.com\/wp-content\/uploads\/2020\/05\/siberia_publications_06-480x480.jpg 480w\" sizes=\"(max-width: 240px) 100vw, 240px\" data-grid-id=\"1\" data-caption=\"Skialper\" class=\"kt-gallery-img\" itemprop=\"contentUrl\" alt=\"\"><meta itemprop=\"url\" content=\"http:\/\/skiinginsiberia.com\/wp-content\/uploads\/2020\/05\/siberia_publications_06-240x240.jpg\"><meta itemprop=\"width\" content=\"240px\"><meta itemprop=\"height\" content=\"240px\"><\/div><\/div><div class=\"caption kad_caption\"><div class=\"kad_caption_inner\">Skialper<\/div><\/div><\/a><\/div><\/div><div class=\"tcol-lg-25 tcol-md-25 tcol-sm-3 tcol-xs-4 tcol-ss-6 g_item\"><div class=\"carousel_item grid_item gallery_item\"><a href=\"http:\/\/skiinginsiberia.com\/wp-content\/uploads\/2020\/05\/siberia_publications_04-300x186.jpg\" data-rel=\"lightbox\" class=\"gallery-link\"><div class=\"kt-intrinsic\" style=\"padding-bottom:100%;\"><div itemprop=\"image\" itemscope itemtype=\"https:\/\/schema.org\/ImageObject\"><img width=\"240\" height=\"240\" src=\"http:\/\/skiinginsiberia.com\/wp-content\/uploads\/2020\/05\/siberia_publications_04-240x240.jpg\" srcset=\"http:\/\/skiinginsiberia.com\/wp-content\/uploads\/2020\/05\/siberia_publications_04-240x240.jpg 240w, http:\/\/skiinginsiberia.com\/wp-content\/uploads\/2020\/05\/siberia_publications_04-150x150.jpg 150w, http:\/\/skiinginsiberia.com\/wp-content\/uploads\/2020\/05\/siberia_publications_04-480x480.jpg 480w\" sizes=\"(max-width: 240px) 100vw, 240px\" data-grid-id=\"2\" data-caption=\"Stern\" class=\"kt-gallery-img\" itemprop=\"contentUrl\" alt=\"\"><meta itemprop=\"url\" content=\"http:\/\/skiinginsiberia.com\/wp-content\/uploads\/2020\/05\/siberia_publications_04-240x240.jpg\"><meta itemprop=\"width\" content=\"240px\"><meta itemprop=\"height\" content=\"240px\"><\/div><\/div><div class=\"caption kad_caption\"><div class=\"kad_caption_inner\">Stern<\/div><\/div><\/a><\/div><\/div><div class=\"tcol-lg-25 tcol-md-25 tcol-sm-3 tcol-xs-4 tcol-ss-6 g_item\"><div class=\"carousel_item grid_item gallery_item\"><a href=\"http:\/\/skiinginsiberia.com\/wp-content\/uploads\/2020\/05\/siberia_publications_05-211x300.jpg\" data-rel=\"lightbox\" class=\"gallery-link\"><div class=\"kt-intrinsic\" style=\"padding-bottom:100%;\"><div itemprop=\"image\" itemscope itemtype=\"https:\/\/schema.org\/ImageObject\"><img width=\"240\" height=\"240\" src=\"http:\/\/skiinginsiberia.com\/wp-content\/uploads\/2020\/05\/siberia_publications_05-240x240.jpg\" srcset=\"http:\/\/skiinginsiberia.com\/wp-content\/uploads\/2020\/05\/siberia_publications_05-240x240.jpg 240w, http:\/\/skiinginsiberia.com\/wp-content\/uploads\/2020\/05\/siberia_publications_05-150x150.jpg 150w, http:\/\/skiinginsiberia.com\/wp-content\/uploads\/2020\/05\/siberia_publications_05-480x480.jpg 480w\" sizes=\"(max-width: 240px) 100vw, 240px\" data-grid-id=\"3\" data-caption=\"Skirando\" class=\"kt-gallery-img\" itemprop=\"contentUrl\" alt=\"\"><meta itemprop=\"url\" content=\"http:\/\/skiinginsiberia.com\/wp-content\/uploads\/2020\/05\/siberia_publications_05-240x240.jpg\"><meta itemprop=\"width\" content=\"240px\"><meta itemprop=\"height\" content=\"240px\"><\/div><\/div><div class=\"caption kad_caption\"><div class=\"kad_caption_inner\">Skirando<\/div><\/div><\/a><\/div><\/div><div class=\"tcol-lg-25 tcol-md-25 tcol-sm-3 tcol-xs-4 tcol-ss-6 g_item\"><div class=\"carousel_item grid_item gallery_item\"><a href=\"http:\/\/skiinginsiberia.com\/wp-content\/uploads\/2020\/05\/siberia_publications_01-275x300.png\" data-rel=\"lightbox\" class=\"gallery-link\"><div class=\"kt-intrinsic\" style=\"padding-bottom:100%;\"><div itemprop=\"image\" itemscope itemtype=\"https:\/\/schema.org\/ImageObject\"><img width=\"240\" height=\"240\" src=\"http:\/\/skiinginsiberia.com\/wp-content\/uploads\/2020\/05\/siberia_publications_01-240x240.png\" srcset=\"http:\/\/skiinginsiberia.com\/wp-content\/uploads\/2020\/05\/siberia_publications_01-240x240.png 240w, http:\/\/skiinginsiberia.com\/wp-content\/uploads\/2020\/05\/siberia_publications_01-150x150.png 150w, http:\/\/skiinginsiberia.com\/wp-content\/uploads\/2020\/05\/siberia_publications_01-480x480.png 480w\" sizes=\"(max-width: 240px) 100vw, 240px\" data-grid-id=\"4\" data-caption=\"Ascent\" class=\"kt-gallery-img\" itemprop=\"contentUrl\" alt=\"\"><meta itemprop=\"url\" content=\"http:\/\/skiinginsiberia.com\/wp-content\/uploads\/2020\/05\/siberia_publications_01-240x240.png\"><meta itemprop=\"width\" content=\"240px\"><meta itemprop=\"height\" content=\"240px\"><\/div><\/div><div class=\"caption kad_caption\"><div class=\"kad_caption_inner\">Ascent<\/div><\/div><\/a><\/div><\/div><div class=\"tcol-lg-25 tcol-md-25 tcol-sm-3 tcol-xs-4 tcol-ss-6 g_item\"><div class=\"carousel_item grid_item gallery_item\"><a href=\"http:\/\/skiinginsiberia.com\/wp-content\/uploads\/2020\/05\/siberia_publications_02-300x283.jpg\" data-rel=\"lightbox\" class=\"gallery-link\"><div class=\"kt-intrinsic\" style=\"padding-bottom:100%;\"><div itemprop=\"image\" itemscope itemtype=\"https:\/\/schema.org\/ImageObject\"><img width=\"240\" height=\"240\" src=\"http:\/\/skiinginsiberia.com\/wp-content\/uploads\/2020\/05\/siberia_publications_02-240x240.jpg\" srcset=\"http:\/\/skiinginsiberia.com\/wp-content\/uploads\/2020\/05\/siberia_publications_02-240x240.jpg 240w, http:\/\/skiinginsiberia.com\/wp-content\/uploads\/2020\/05\/siberia_publications_02-150x150.jpg 150w, http:\/\/skiinginsiberia.com\/wp-content\/uploads\/2020\/05\/siberia_publications_02-480x480.jpg 480w\" sizes=\"(max-width: 240px) 100vw, 240px\" data-grid-id=\"5\" data-caption=\"Style Altitude\" class=\"kt-gallery-img\" itemprop=\"contentUrl\" alt=\"\"><meta itemprop=\"url\" content=\"http:\/\/skiinginsiberia.com\/wp-content\/uploads\/2020\/05\/siberia_publications_02-240x240.jpg\"><meta itemprop=\"width\" content=\"240px\"><meta itemprop=\"height\" content=\"240px\"><\/div><\/div><div class=\"caption kad_caption\"><div class=\"kad_caption_inner\">Style Altitude<\/div><\/div><\/a><\/div><\/div><div class=\"tcol-lg-25 tcol-md-25 tcol-sm-3 tcol-xs-4 tcol-ss-6 g_item\"><div class=\"carousel_item grid_item gallery_item\"><a href=\"http:\/\/skiinginsiberia.com\/wp-content\/uploads\/2020\/11\/bergstolz-300x229.jpg\" data-rel=\"lightbox\" class=\"gallery-link\"><div class=\"kt-intrinsic\" style=\"padding-bottom:100%;\"><div itemprop=\"image\" itemscope itemtype=\"https:\/\/schema.org\/ImageObject\"><img width=\"240\" height=\"240\" src=\"http:\/\/skiinginsiberia.com\/wp-content\/uploads\/2020\/11\/bergstolz-240x240.jpg\" srcset=\"http:\/\/skiinginsiberia.com\/wp-content\/uploads\/2020\/11\/bergstolz-240x240.jpg 240w, http:\/\/skiinginsiberia.com\/wp-content\/uploads\/2020\/11\/bergstolz-150x150.jpg 150w, http:\/\/skiinginsiberia.com\/wp-content\/uploads\/2020\/11\/bergstolz-480x480.jpg 480w\" sizes=\"(max-width: 240px) 100vw, 240px\" data-grid-id=\"6\" data-caption=\"Bergstolz magazine\" class=\"kt-gallery-img\" itemprop=\"contentUrl\" alt=\"\"><meta itemprop=\"url\" content=\"http:\/\/skiinginsiberia.com\/wp-content\/uploads\/2020\/11\/bergstolz-240x240.jpg\"><meta itemprop=\"width\" content=\"240px\"><meta itemprop=\"height\" content=\"240px\"><\/div><\/div><div class=\"caption kad_caption\"><div class=\"kad_caption_inner\">Bergstolz magazine<\/div><\/div><\/a><\/div><\/div><div class=\"tcol-lg-25 tcol-md-25 tcol-sm-3 tcol-xs-4 tcol-ss-6 g_item\"><div class=\"carousel_item grid_item gallery_item\"><a href=\"http:\/\/skiinginsiberia.com\/wp-content\/uploads\/2022\/04\/ski-libre-300x222.png\" data-rel=\"lightbox\" class=\"gallery-link\"><div class=\"kt-intrinsic\" style=\"padding-bottom:100%;\"><div itemprop=\"image\" itemscope itemtype=\"https:\/\/schema.org\/ImageObject\"><img width=\"240\" height=\"240\" src=\"http:\/\/skiinginsiberia.com\/wp-content\/uploads\/2022\/04\/ski-libre-240x240.png\" srcset=\"http:\/\/skiinginsiberia.com\/wp-content\/uploads\/2022\/04\/ski-libre-240x240.png 240w, http:\/\/skiinginsiberia.com\/wp-content\/uploads\/2022\/04\/ski-libre-150x150.png 150w, http:\/\/skiinginsiberia.com\/wp-content\/uploads\/2022\/04\/ski-libre-480x480.png 480w\" sizes=\"(max-width: 240px) 100vw, 240px\" data-grid-id=\"7\" data-caption=\"Ski-libre.com\" class=\"kt-gallery-img\" itemprop=\"contentUrl\" alt=\"\"><meta itemprop=\"url\" content=\"http:\/\/skiinginsiberia.com\/wp-content\/uploads\/2022\/04\/ski-libre-240x240.png\"><meta itemprop=\"width\" content=\"240px\"><meta itemprop=\"height\" content=\"240px\"><\/div><\/div><div class=\"caption kad_caption\"><div class=\"kad_caption_inner\">Ski-libre.com<\/div><\/div><\/a><\/div><\/div>\t        <\/div>\n\t    <\/div>\n\t    <div class=\"clearfix\"><\/div>\n\t<\/div>   \n  <\/div><\/div><\/div><div id=\"pg-7817-1\"  class=\"panel-grid panel-no-style\" ><div id=\"pgc-7817-1-0\"  class=\"panel-grid-cell\" ><div id=\"panel-7817-1-0-0\" class=\"so-panel widget widget_black-studio-tinymce widget_black_studio_tinymce panel-first-child panel-last-child\" data-index=\"2\" ><h3 class=\"widget-title\">Films<\/h3><div class=\"textwidget\"><p><span class=\"tlid-translation translation\" lang=\"fr\"><span title=\"\">Quelques courts m\u00e9trages film\u00e9 en diff\u00e9rents coins de la Sib\u00e9rie vous montreront <\/span><\/span>de la vie sib\u00e9rienne et du ski la-bas. <span title=\"\">Ski de randonn\u00e9e dans les r\u00e9gions de Luzhba et du lac Ba\u00efkal, vie des habitants et paysages magnifiques.<\/span> <span title=\"\">Mais bien s\u00fbr, aucun film ne peut remplacer la beaut\u00e9 de la pr\u00e9sence r\u00e9elle.<\/span> <span class=\"\" title=\"\">Commencez votre saison de ski en novembre, skiez dans la poudreuse, go\u00fbtez \u00e0 la cuisine sib\u00e9rienne, rencontrez de jolis habitants.<\/span> <span title=\"\">Tout cela vous attend dans l'incroyable Sib\u00e9rie.<\/span><\/p>\n<\/div><\/div><\/div><\/div><div id=\"pg-7817-2\"  class=\"panel-grid panel-no-style\" ><div id=\"pgc-7817-2-0\"  class=\"panel-grid-cell\" ><div id=\"panel-7817-2-0-0\" class=\"so-panel widget widget_black-studio-tinymce widget_black_studio_tinymce panel-first-child panel-last-child\" data-index=\"3\" ><div class=\"textwidget\"><div class=\"kad-youtube-shortcode videofit\"  ><iframe width=\"1100\" height=\"624\" src=\"https:\/\/www.youtube.com\/embed\/tycWVQI1l4k?autoplay=0&controls=1&fs=1&modestbranding=0&theme=dark&rel=0&loop=0&showinfo=1\" frameborder=\"0\" allowfullscreen=\"true\"><\/iframe><\/div>\n<h3>Siberian Powder | Skiing in the Russian Wilderness<\/h3>\n<p>Une vid\u00e9o d'aventure de ski sur la semaine de ski de randonn\u00e9e sur le lac Ba\u00efkal, vall\u00e9e de Mamay. Tourn\u00e9 par nos amis en d\u00e9cembre 2020.<\/p>\n<hr \/>\n<div class=\"tlid-result-transliteration-container result-transliteration-container transliteration-container\">\n<div class=\"tlid-transliteration-content transliteration-content full\"><\/div>\n<\/div>\n<\/div><\/div><\/div><\/div><div id=\"pg-7817-3\"  class=\"panel-grid panel-no-style\" ><div id=\"pgc-7817-3-0\"  class=\"panel-grid-cell\" ><div id=\"panel-7817-3-0-0\" class=\"so-panel widget widget_black-studio-tinymce widget_black_studio_tinymce panel-first-child panel-last-child\" data-index=\"4\" ><div class=\"textwidget\"><div class=\"kad-youtube-shortcode videofit\"  ><iframe width=\"1100\" height=\"624\" src=\"https:\/\/www.youtube.com\/embed\/mU4gKc3Se7c?autoplay=0&controls=1&fs=1&modestbranding=0&theme=dark&rel=0&loop=0&showinfo=1\" frameborder=\"0\" allowfullscreen=\"true\"><\/iframe><\/div>\n<h3><span class=\"tlid-translation translation\" lang=\"fr\"><span class=\"\" title=\"\">Ski de randonn\u00e9e \u00e0 Luzhba, Sib\u00e9rie<\/span><\/span>.<\/h3>\n<p><span class=\"tlid-translation translation\" lang=\"fr\"><span class=\"\" title=\"\">Une vid\u00e9o <\/span><\/span>superbe de Luzhba Ski Touring Lodge, film\u00e9e en d\u00e9cembre 2017.<\/p>\n<hr \/>\n<div class=\"tlid-result-transliteration-container result-transliteration-container transliteration-container\">\n<div class=\"tlid-transliteration-content transliteration-content full\"><\/div>\n<\/div>\n<\/div><\/div><\/div><\/div><div id=\"pg-7817-4\"  class=\"panel-grid panel-no-style\" ><div id=\"pgc-7817-4-0\"  class=\"panel-grid-cell\" ><div id=\"panel-7817-4-0-0\" class=\"so-panel widget widget_black-studio-tinymce widget_black_studio_tinymce panel-first-child panel-last-child\" data-index=\"5\" ><div class=\"textwidget\"><div class=\"kad-youtube-shortcode videofit\"  ><iframe width=\"1100\" height=\"624\" src=\"https:\/\/www.youtube.com\/embed\/ChF6u_PKM5k?autoplay=0&controls=1&fs=1&modestbranding=0&theme=dark&rel=0&loop=0&showinfo=1\" frameborder=\"0\" allowfullscreen=\"true\"><\/iframe><\/div>\n<h3>Une journ\u00e9e dans la vie, Luzhba Ski Touring Lodge.<\/h3>\n<p>Film\u00e9 par nos amis \u00e0 Luzhba, d\u00e9cembre 2018.<\/p>\n<hr \/>\n<\/div><\/div><\/div><\/div><div id=\"pg-7817-5\"  class=\"panel-grid panel-no-style\" ><div id=\"pgc-7817-5-0\"  class=\"panel-grid-cell\" ><div id=\"panel-7817-5-0-0\" class=\"so-panel widget widget_black-studio-tinymce widget_black_studio_tinymce panel-first-child panel-last-child\" data-index=\"6\" ><div class=\"textwidget\"><div class=\"kad-youtube-shortcode videofit\"  ><iframe width=\"1100\" height=\"624\" src=\"https:\/\/www.youtube.com\/embed\/9V2PZ4KntFY?autoplay=0&controls=1&fs=1&modestbranding=0&theme=dark&rel=0&loop=0&showinfo=1\" frameborder=\"0\" allowfullscreen=\"true\"><\/iframe><\/div>\n<h3>Ride N' Roses - ski de r<span class=\"tlid-translation translation\" lang=\"fr\" style=\"color: inherit; font-family: inherit;\"><span title=\"\">andonn\u00e9e dans la vall\u00e9e de Mama<\/span><\/span><span class=\"tlid-translation translation\" lang=\"fr\" style=\"color: inherit; font-family: inherit;\"><span class=\"\" title=\"\">\u00ef, l<\/span><\/span><span class=\"tlid-translation translation\" lang=\"fr\" style=\"color: inherit; font-family: inherit;\"><span class=\"\" title=\"\">ac Ba\u00efkal, Sib\u00e9rie.<\/span><\/span><\/h3>\n<p>Un grand film de la vall\u00e9e de Mama\u00ef, le site principal de ski de randonn\u00e9e dans la r\u00e9gion du lac Ba\u00efkal. Prenez 5 minutes et profitez-en!<\/p>\n<hr \/>\n<\/div><\/div><\/div><\/div><div id=\"pg-7817-6\"  class=\"panel-grid panel-no-style\" ><div id=\"pgc-7817-6-0\"  class=\"panel-grid-cell\" ><div id=\"panel-7817-6-0-0\" class=\"so-panel widget widget_black-studio-tinymce widget_black_studio_tinymce panel-first-child panel-last-child\" data-index=\"7\" ><div class=\"textwidget\"><div class=\"kad-youtube-shortcode videofit\"  ><iframe width=\"1100\" height=\"624\" src=\"https:\/\/www.youtube.com\/embed\/RUj0XfppwqU?autoplay=0&controls=1&fs=1&modestbranding=0&theme=dark&rel=0&loop=0&showinfo=1\" frameborder=\"0\" allowfullscreen=\"true\"><\/iframe><\/div>\n<h3>Ride N' Roses - Luzhba 2018<\/h3>\n<p>Luzhba. Ptit village nich\u00e9 au coeur de la for\u00eat siberienne avec au programme neige de r\u00eave, rando et froid...<\/p>\n<hr \/>\n<\/div><\/div><\/div><\/div><div id=\"pg-7817-7\"  class=\"panel-grid panel-no-style\" ><div id=\"pgc-7817-7-0\"  class=\"panel-grid-cell\" ><div id=\"panel-7817-7-0-0\" class=\"so-panel widget widget_black-studio-tinymce widget_black_studio_tinymce panel-first-child panel-last-child\" data-index=\"8\" ><div class=\"textwidget\"><div class=\"kad-youtube-shortcode videofit\"  ><iframe width=\"1100\" height=\"624\" src=\"https:\/\/www.youtube.com\/embed\/oz8Nbz7jw8s?autoplay=0&controls=1&fs=1&modestbranding=0&theme=dark&rel=0&loop=0&showinfo=1\" frameborder=\"0\" allowfullscreen=\"true\"><\/iframe><\/div>\n<h3>Style Altitude - Luzhba Skitouring Lodge 2018<\/h3>\n<p>La vie \u00e0 Luzhba se tourne autour du chemin de fer. Les annonces dans la station commen\u00e7ait toujours par trois tonalit\u00e9s distinctes et j'ai d\u00e9duit que cela sonnait comme le th\u00e8me de la s\u00e9rie \"The Saint TV\", puis un peu de recherche sur Google et j'ai trouv\u00e9 les accords. Le train de marchandises met pr\u00e8s de 100 secondes \u00e0 passer et est compos\u00e9 de pr\u00e8s de 70 camions et est connu sous le nom de serpents de Sib\u00e9rie, mais ne vous inqui\u00e9tez pas, je l\u2019ai acc\u00e9l\u00e9r\u00e9. Merci \u00e0 une excellente \u00e9quipe pour leur entreprise. Histoire compl\u00e8te \u00e0 lire ici (en anglais) - <a href=\"https:\/\/www.stylealtitude.com\/skiing-in-siberia-luzhba-skitouring-lodge-skitour-feature.html?fbclid=IwAR35wUtCAWA3kpbGRR_eL6XQ8PR0PdbLejWw9pndeg7WZBaHZ-AVytKTbng\" target=\"_blank\" rel=\"noopener\">Luzhba Skitouring Lodge, November 2018.<\/a><\/p>\n<hr \/>\n<p>&nbsp;<\/p>\n<\/div><\/div><\/div><\/div><div id=\"pg-7817-8\"  class=\"panel-grid panel-no-style\" ><div id=\"pgc-7817-8-0\"  class=\"panel-grid-cell\" ><div id=\"panel-7817-8-0-0\" class=\"so-panel widget widget_black-studio-tinymce widget_black_studio_tinymce panel-first-child panel-last-child\" data-index=\"9\" ><div class=\"textwidget\"><div class=\"kad-youtube-shortcode videofit\"  ><iframe width=\"1100\" height=\"624\" src=\"https:\/\/www.youtube.com\/embed\/F-MMnk7dBY8?autoplay=0&controls=1&fs=1&modestbranding=0&theme=dark&rel=0&loop=0&showinfo=1\" frameborder=\"0\" allowfullscreen=\"true\"><\/iframe><\/div>\n<h3>The Great Siberian Traverse<\/h3>\n<p>La grande travers\u00e9e sib\u00e9rienne documente un parcours de 6 000 miles en Russie, le long du chemin de fer transsib\u00e9rien. Le documentaire - cr\u00e9\u00e9 en collaboration avec POWDER et Sherpas Cinema - pr\u00e9sente une communaut\u00e9 de skieurs de randonn\u00e9e, une poudreuse sib\u00e9rienne profonde et les origines du ski.<br \/>\nNous avons consult\u00e9 l'\u00e9quipe de tournage avant leur tourn\u00e9e et nous sommes heureux qu'ils aient fait un tr\u00e8s bon film.<\/p>\n<hr \/>\n<\/div><\/div><\/div><\/div><\/div>","protected":false},"excerpt":{"rendered":"<p>Tous ces articles ont \u00e9t\u00e9 \u00e9crits par nos clients ou partenaires et repr\u00e9sentent nos destinations en Sib\u00e9rie occidentale et orientale. Ski Trip en Sib\u00e9rie. Ski-libre.com, d\u00e9cembre 2021. Ski de rando en Sib\u00e9rie, volume I. Skipass.com, janvier 2020. Ski de rando &hellip; <a class=\"kt-excerpt-readmore\" href=\"http:\/\/skiinginsiberia.com\/fr\/movies\/\" aria-label=\"Media\">Lire la suite<\/a><\/p>\n","protected":false},"author":2,"featured_media":0,"parent":0,"menu_order":0,"comment_status":"closed","ping_status":"open","template":"page-fullwidth.php","meta":[],"_links":{"self":[{"href":"http:\/\/skiinginsiberia.com\/fr\/wp-json\/wp\/v2\/pages\/7817"}],"collection":[{"href":"http:\/\/skiinginsiberia.com\/fr\/wp-json\/wp\/v2\/pages"}],"about":[{"href":"http:\/\/skiinginsiberia.com\/fr\/wp-json\/wp\/v2\/types\/page"}],"author":[{"embeddable":true,"href":"http:\/\/skiinginsiberia.com\/fr\/wp-json\/wp\/v2\/users\/2"}],"replies":[{"embeddable":true,"href":"http:\/\/skiinginsiberia.com\/fr\/wp-json\/wp\/v2\/comments?post=7817"}],"version-history":[{"count":25,"href":"http:\/\/skiinginsiberia.com\/fr\/wp-json\/wp\/v2\/pages\/7817\/revisions"}],"predecessor-version":[{"id":10505,"href":"http:\/\/skiinginsiberia.com\/fr\/wp-json\/wp\/v2\/pages\/7817\/revisions\/10505"}],"wp:attachment":[{"href":"http:\/\/skiinginsiberia.com\/fr\/wp-json\/wp\/v2\/media?parent=7817"}],"curies":[{"name":"wp","href":"https:\/\/api.w.org\/{rel}","templated":true}]}}