{"id":2443,"date":"2018-07-12T12:42:45","date_gmt":"2018-07-12T11:42:45","guid":{"rendered":"http:\/\/skiinginsiberia.com\/?page_id=2443"},"modified":"2022-04-02T19:28:01","modified_gmt":"2022-04-02T18:28:01","slug":"videos","status":"publish","type":"page","link":"https:\/\/skiinginsiberia.com\/de\/videos\/","title":{"rendered":"Medien"},"content":{"rendered":"<div id=\"pl-2443\"  class=\"panel-layout\" ><div id=\"pg-2443-0\"  class=\"panel-grid panel-no-style\" ><div id=\"pgc-2443-0-0\"  class=\"panel-grid-cell\" ><div id=\"panel-2443-0-0-0\" class=\"so-panel widget widget_sow-editor panel-first-child\" data-index=\"0\" ><div class=\"so-widget-sow-editor so-widget-sow-editor-base\"><h3 class=\"widget-title\">Publikationen<\/h3>\n<div class=\"siteorigin-widget-tinymce textwidget\">\n\t<p>Alle diese Artikel wurden von unseren G\u00e4sten oder Partnern verfasst und repr\u00e4sentieren unsere Ziele in West- und Ostsibirien.<\/p>\n<h5><a href=\"https:\/\/www.ski-libre.com\/skitrips\/ski-trip-en-siberie\/\" target=\"_blank\" rel=\"noopener\">Ski Trip en Sib\u00e9rie.<\/a> Ski-libre.com, Dezember 2021 (auf Franz\u00f6sisch).<\/h5>\n<h5><a href=\"https:\/\/www.skipass.com\/news\/197958-ski-siberie.html\" target=\"_blank\" rel=\"noopener\">Ski de rando en Sib\u00e9rie. <\/a>Skipass.com, Januar 2020 (auf Franz\u00f6sisch).<\/h5>\n<h5><a href=\"https:\/\/skialper.it\/alla-ricerca-del-cristallo-perfetto-2\/\" target=\"_blank\" rel=\"noopener\">Alla ricerca del cristallo perfetto. <\/a>Skialper magazine, Januar 2020 (auf Italienisch).<\/h5>\n<h5><a href=\"https:\/\/www.stern.de\/p\/plus\/genuss-reise\/tiefer--9088882.html\" target=\"_blank\" rel=\"noopener\">Tiefer!<\/a> Stern, Januar 2020.<\/h5>\n<h5><a href=\"https:\/\/www.skirandomag.com\/2018\/11\/16\/siberie-camp-de-base-a-luzhba\/\" target=\"_blank\" rel=\"noopener\">Sib\u00e9rie: camp de base \u00e0 Luzhba. <\/a>Ski Rando Magazine, Dezember 2019 (auf Franz\u00f6sisch).<\/h5>\n<h5><a href=\"https:\/\/ascentbackcountry.com\/siberia\/\">Siberia<\/a>. Ascent, Backcountry Snow Journal, March 2019. (auf Englisch)<\/h5>\n<h5><a href=\"https:\/\/www.stylealtitude.com\/skiing-in-siberia-luzhba-skitouring-lodge-skitour-feature.html\" target=\"_blank\" rel=\"noopener\">The snow Gods delivered the goods for us at Luzhba Skitouring Lodge. <\/a>Style Altitude ski blog, Dezember 2018. (auf Englisch)<\/h5>\n<h5><a href=\"https:\/\/bergstolz.de\/aktuelle-ausgabe\/78\/39\/\" target=\"_blank\" rel=\"noopener\">Sibirien. Mystery Meat, Miracle Snow<\/a>. Bergstolz magazine, 10 | 2018.<\/h5>\n<p>&nbsp;<\/p>\n<\/div>\n<\/div><\/div><div id=\"panel-2443-0-0-1\" class=\"so-panel widget widget_virtue_gallery_widget virtue_gallery_widget panel-last-child\" data-index=\"1\" >\t<div class=\"carousel-outer-container kad-wp-gallery kad-animation\" data-animation=\"fade-in\" data-delay=\"0\">\n\t    <div id=\"gallery-carousel-908\" class=\"rowtight\">\n\t     \t<div id=\"carousel-908\" class=\"slick-slider kt-slickslider gallery kad-light-wp-gallery kt-image-carousel loading clearfix\" data-slider-fade=\"false\" data-slider-type=\"content-carousel\" data-slider-anim-speed=\"400\" data-slider-arrows=\"true\" data-slider-scroll=\"1\" data-slider-auto=true\" data-slider-speed=\"9000\" data-slider-xxl=\"5\" data-slider-xl=\"5\" data-slider-md=\"5\" data-slider-sm=\"4\" data-slider-xs=\"3\" data-slider-ss=\"2\">\n\t            <div class=\"tcol-lg-25 tcol-md-25 tcol-sm-3 tcol-xs-4 tcol-ss-6 g_item\"><div class=\"carousel_item grid_item gallery_item\"><a href=\"https:\/\/skiinginsiberia.com\/wp-content\/uploads\/2020\/05\/siberia_publications_03-300x292.jpg\" data-rel=\"lightbox\" class=\"gallery-link\"><div class=\"kt-intrinsic\" style=\"padding-bottom:100%;\"><div itemprop=\"image\" itemscope itemtype=\"https:\/\/schema.org\/ImageObject\"><img width=\"240\" height=\"240\" src=\"https:\/\/skiinginsiberia.com\/wp-content\/uploads\/2020\/05\/siberia_publications_03-240x240.jpg\" srcset=\"https:\/\/skiinginsiberia.com\/wp-content\/uploads\/2020\/05\/siberia_publications_03-240x240.jpg 240w, https:\/\/skiinginsiberia.com\/wp-content\/uploads\/2020\/05\/siberia_publications_03-150x150.jpg 150w, https:\/\/skiinginsiberia.com\/wp-content\/uploads\/2020\/05\/siberia_publications_03-480x480.jpg 480w\" sizes=\"(max-width: 240px) 100vw, 240px\" data-grid-id=\"0\" data-caption=\"Skipass.com\" class=\"kt-gallery-img\" itemprop=\"contentUrl\" alt=\"\"><meta itemprop=\"url\" content=\"https:\/\/skiinginsiberia.com\/wp-content\/uploads\/2020\/05\/siberia_publications_03-240x240.jpg\"><meta itemprop=\"width\" content=\"240px\"><meta itemprop=\"height\" content=\"240px\"><\/div><\/div><div class=\"caption kad_caption\"><div class=\"kad_caption_inner\">Skipass.com<\/div><\/div><\/a><\/div><\/div><div class=\"tcol-lg-25 tcol-md-25 tcol-sm-3 tcol-xs-4 tcol-ss-6 g_item\"><div class=\"carousel_item grid_item gallery_item\"><a href=\"https:\/\/skiinginsiberia.com\/wp-content\/uploads\/2020\/05\/siberia_publications_06-300x186.jpg\" data-rel=\"lightbox\" class=\"gallery-link\"><div class=\"kt-intrinsic\" style=\"padding-bottom:100%;\"><div itemprop=\"image\" itemscope itemtype=\"https:\/\/schema.org\/ImageObject\"><img width=\"240\" height=\"240\" src=\"https:\/\/skiinginsiberia.com\/wp-content\/uploads\/2020\/05\/siberia_publications_06-240x240.jpg\" srcset=\"https:\/\/skiinginsiberia.com\/wp-content\/uploads\/2020\/05\/siberia_publications_06-240x240.jpg 240w, https:\/\/skiinginsiberia.com\/wp-content\/uploads\/2020\/05\/siberia_publications_06-150x150.jpg 150w, https:\/\/skiinginsiberia.com\/wp-content\/uploads\/2020\/05\/siberia_publications_06-480x480.jpg 480w\" sizes=\"(max-width: 240px) 100vw, 240px\" data-grid-id=\"1\" data-caption=\"Skialper\" class=\"kt-gallery-img\" itemprop=\"contentUrl\" alt=\"\"><meta itemprop=\"url\" content=\"https:\/\/skiinginsiberia.com\/wp-content\/uploads\/2020\/05\/siberia_publications_06-240x240.jpg\"><meta itemprop=\"width\" content=\"240px\"><meta itemprop=\"height\" content=\"240px\"><\/div><\/div><div class=\"caption kad_caption\"><div class=\"kad_caption_inner\">Skialper<\/div><\/div><\/a><\/div><\/div><div class=\"tcol-lg-25 tcol-md-25 tcol-sm-3 tcol-xs-4 tcol-ss-6 g_item\"><div class=\"carousel_item grid_item gallery_item\"><a href=\"https:\/\/skiinginsiberia.com\/wp-content\/uploads\/2020\/05\/siberia_publications_04-300x186.jpg\" data-rel=\"lightbox\" class=\"gallery-link\"><div class=\"kt-intrinsic\" style=\"padding-bottom:100%;\"><div itemprop=\"image\" itemscope itemtype=\"https:\/\/schema.org\/ImageObject\"><img width=\"240\" height=\"240\" src=\"https:\/\/skiinginsiberia.com\/wp-content\/uploads\/2020\/05\/siberia_publications_04-240x240.jpg\" srcset=\"https:\/\/skiinginsiberia.com\/wp-content\/uploads\/2020\/05\/siberia_publications_04-240x240.jpg 240w, https:\/\/skiinginsiberia.com\/wp-content\/uploads\/2020\/05\/siberia_publications_04-150x150.jpg 150w, https:\/\/skiinginsiberia.com\/wp-content\/uploads\/2020\/05\/siberia_publications_04-480x480.jpg 480w\" sizes=\"(max-width: 240px) 100vw, 240px\" data-grid-id=\"2\" data-caption=\"Stern\" class=\"kt-gallery-img\" itemprop=\"contentUrl\" alt=\"\"><meta itemprop=\"url\" content=\"https:\/\/skiinginsiberia.com\/wp-content\/uploads\/2020\/05\/siberia_publications_04-240x240.jpg\"><meta itemprop=\"width\" content=\"240px\"><meta itemprop=\"height\" content=\"240px\"><\/div><\/div><div class=\"caption kad_caption\"><div class=\"kad_caption_inner\">Stern<\/div><\/div><\/a><\/div><\/div><div class=\"tcol-lg-25 tcol-md-25 tcol-sm-3 tcol-xs-4 tcol-ss-6 g_item\"><div class=\"carousel_item grid_item gallery_item\"><a href=\"https:\/\/skiinginsiberia.com\/wp-content\/uploads\/2020\/05\/siberia_publications_05-211x300.jpg\" data-rel=\"lightbox\" class=\"gallery-link\"><div class=\"kt-intrinsic\" style=\"padding-bottom:100%;\"><div itemprop=\"image\" itemscope itemtype=\"https:\/\/schema.org\/ImageObject\"><img width=\"240\" height=\"240\" src=\"https:\/\/skiinginsiberia.com\/wp-content\/uploads\/2020\/05\/siberia_publications_05-240x240.jpg\" srcset=\"https:\/\/skiinginsiberia.com\/wp-content\/uploads\/2020\/05\/siberia_publications_05-240x240.jpg 240w, https:\/\/skiinginsiberia.com\/wp-content\/uploads\/2020\/05\/siberia_publications_05-150x150.jpg 150w, https:\/\/skiinginsiberia.com\/wp-content\/uploads\/2020\/05\/siberia_publications_05-480x480.jpg 480w\" sizes=\"(max-width: 240px) 100vw, 240px\" data-grid-id=\"3\" data-caption=\"Skirando\" class=\"kt-gallery-img\" itemprop=\"contentUrl\" alt=\"\"><meta itemprop=\"url\" content=\"https:\/\/skiinginsiberia.com\/wp-content\/uploads\/2020\/05\/siberia_publications_05-240x240.jpg\"><meta itemprop=\"width\" content=\"240px\"><meta itemprop=\"height\" content=\"240px\"><\/div><\/div><div class=\"caption kad_caption\"><div class=\"kad_caption_inner\">Skirando<\/div><\/div><\/a><\/div><\/div><div class=\"tcol-lg-25 tcol-md-25 tcol-sm-3 tcol-xs-4 tcol-ss-6 g_item\"><div class=\"carousel_item grid_item gallery_item\"><a href=\"https:\/\/skiinginsiberia.com\/wp-content\/uploads\/2020\/05\/siberia_publications_01-275x300.png\" data-rel=\"lightbox\" class=\"gallery-link\"><div class=\"kt-intrinsic\" style=\"padding-bottom:100%;\"><div itemprop=\"image\" itemscope itemtype=\"https:\/\/schema.org\/ImageObject\"><img width=\"240\" height=\"240\" src=\"https:\/\/skiinginsiberia.com\/wp-content\/uploads\/2020\/05\/siberia_publications_01-240x240.png\" srcset=\"https:\/\/skiinginsiberia.com\/wp-content\/uploads\/2020\/05\/siberia_publications_01-240x240.png 240w, https:\/\/skiinginsiberia.com\/wp-content\/uploads\/2020\/05\/siberia_publications_01-150x150.png 150w, https:\/\/skiinginsiberia.com\/wp-content\/uploads\/2020\/05\/siberia_publications_01-480x480.png 480w\" sizes=\"(max-width: 240px) 100vw, 240px\" data-grid-id=\"4\" data-caption=\"Ascent\" class=\"kt-gallery-img\" itemprop=\"contentUrl\" alt=\"\"><meta itemprop=\"url\" content=\"https:\/\/skiinginsiberia.com\/wp-content\/uploads\/2020\/05\/siberia_publications_01-240x240.png\"><meta itemprop=\"width\" content=\"240px\"><meta itemprop=\"height\" content=\"240px\"><\/div><\/div><div class=\"caption kad_caption\"><div class=\"kad_caption_inner\">Ascent<\/div><\/div><\/a><\/div><\/div><div class=\"tcol-lg-25 tcol-md-25 tcol-sm-3 tcol-xs-4 tcol-ss-6 g_item\"><div class=\"carousel_item grid_item gallery_item\"><a href=\"https:\/\/skiinginsiberia.com\/wp-content\/uploads\/2020\/05\/siberia_publications_02-300x283.jpg\" data-rel=\"lightbox\" class=\"gallery-link\"><div class=\"kt-intrinsic\" style=\"padding-bottom:100%;\"><div itemprop=\"image\" itemscope itemtype=\"https:\/\/schema.org\/ImageObject\"><img width=\"240\" height=\"240\" src=\"https:\/\/skiinginsiberia.com\/wp-content\/uploads\/2020\/05\/siberia_publications_02-240x240.jpg\" srcset=\"https:\/\/skiinginsiberia.com\/wp-content\/uploads\/2020\/05\/siberia_publications_02-240x240.jpg 240w, https:\/\/skiinginsiberia.com\/wp-content\/uploads\/2020\/05\/siberia_publications_02-150x150.jpg 150w, https:\/\/skiinginsiberia.com\/wp-content\/uploads\/2020\/05\/siberia_publications_02-480x480.jpg 480w\" sizes=\"(max-width: 240px) 100vw, 240px\" data-grid-id=\"5\" data-caption=\"Style Altitude\" class=\"kt-gallery-img\" itemprop=\"contentUrl\" alt=\"\"><meta itemprop=\"url\" content=\"https:\/\/skiinginsiberia.com\/wp-content\/uploads\/2020\/05\/siberia_publications_02-240x240.jpg\"><meta itemprop=\"width\" content=\"240px\"><meta itemprop=\"height\" content=\"240px\"><\/div><\/div><div class=\"caption kad_caption\"><div class=\"kad_caption_inner\">Style Altitude<\/div><\/div><\/a><\/div><\/div><div class=\"tcol-lg-25 tcol-md-25 tcol-sm-3 tcol-xs-4 tcol-ss-6 g_item\"><div class=\"carousel_item grid_item gallery_item\"><a href=\"https:\/\/skiinginsiberia.com\/wp-content\/uploads\/2020\/11\/bergstolz-300x229.jpg\" data-rel=\"lightbox\" class=\"gallery-link\"><div class=\"kt-intrinsic\" style=\"padding-bottom:100%;\"><div itemprop=\"image\" itemscope itemtype=\"https:\/\/schema.org\/ImageObject\"><img width=\"240\" height=\"240\" src=\"https:\/\/skiinginsiberia.com\/wp-content\/uploads\/2020\/11\/bergstolz-240x240.jpg\" srcset=\"https:\/\/skiinginsiberia.com\/wp-content\/uploads\/2020\/11\/bergstolz-240x240.jpg 240w, https:\/\/skiinginsiberia.com\/wp-content\/uploads\/2020\/11\/bergstolz-150x150.jpg 150w, https:\/\/skiinginsiberia.com\/wp-content\/uploads\/2020\/11\/bergstolz-480x480.jpg 480w\" sizes=\"(max-width: 240px) 100vw, 240px\" data-grid-id=\"6\" data-caption=\"Bergstolz magazine\" class=\"kt-gallery-img\" itemprop=\"contentUrl\" alt=\"\"><meta itemprop=\"url\" content=\"https:\/\/skiinginsiberia.com\/wp-content\/uploads\/2020\/11\/bergstolz-240x240.jpg\"><meta itemprop=\"width\" content=\"240px\"><meta itemprop=\"height\" content=\"240px\"><\/div><\/div><div class=\"caption kad_caption\"><div class=\"kad_caption_inner\">Bergstolz magazine<\/div><\/div><\/a><\/div><\/div><div class=\"tcol-lg-25 tcol-md-25 tcol-sm-3 tcol-xs-4 tcol-ss-6 g_item\"><div class=\"carousel_item grid_item gallery_item\"><a href=\"https:\/\/skiinginsiberia.com\/wp-content\/uploads\/2022\/04\/ski-libre-300x222.png\" data-rel=\"lightbox\" class=\"gallery-link\"><div class=\"kt-intrinsic\" style=\"padding-bottom:100%;\"><div itemprop=\"image\" itemscope itemtype=\"https:\/\/schema.org\/ImageObject\"><img width=\"240\" height=\"240\" src=\"https:\/\/skiinginsiberia.com\/wp-content\/uploads\/2022\/04\/ski-libre-240x240.png\" srcset=\"https:\/\/skiinginsiberia.com\/wp-content\/uploads\/2022\/04\/ski-libre-240x240.png 240w, https:\/\/skiinginsiberia.com\/wp-content\/uploads\/2022\/04\/ski-libre-150x150.png 150w, https:\/\/skiinginsiberia.com\/wp-content\/uploads\/2022\/04\/ski-libre-480x480.png 480w\" sizes=\"(max-width: 240px) 100vw, 240px\" data-grid-id=\"7\" data-caption=\"Ski-libre.com\" class=\"kt-gallery-img\" itemprop=\"contentUrl\" alt=\"\"><meta itemprop=\"url\" content=\"https:\/\/skiinginsiberia.com\/wp-content\/uploads\/2022\/04\/ski-libre-240x240.png\"><meta itemprop=\"width\" content=\"240px\"><meta itemprop=\"height\" content=\"240px\"><\/div><\/div><div class=\"caption kad_caption\"><div class=\"kad_caption_inner\">Ski-libre.com<\/div><\/div><\/a><\/div><\/div>\t        <\/div>\n\t    <\/div>\n\t    <div class=\"clearfix\"><\/div>\n\t<\/div>   \n  <\/div><\/div><\/div><div id=\"pg-2443-1\"  class=\"panel-grid panel-no-style\" ><div id=\"pgc-2443-1-0\"  class=\"panel-grid-cell\" ><div id=\"panel-2443-1-0-0\" class=\"so-panel widget widget_sow-editor panel-first-child panel-last-child\" data-index=\"2\" ><div class=\"so-widget-sow-editor so-widget-sow-editor-base\"><h3 class=\"widget-title\">Filme<\/h3>\n<div class=\"siteorigin-widget-tinymce textwidget\">\n\t<p>Einige kurze Videos \u00fcber verschiedene Ecken in Sibirien werden Dir unterschiedliche Aspekte des sibirischen Ski-Alltags zeigen. Skitouren in Luzhba und am Baikalsee, das Leben der lokalen Bewohner und wundersch\u00f6ne Landschaften. Aber nat\u00fcrlich kann Dir kein einziges Video die wahre Sch\u00f6nheit des Augenblicks vor-Ort vermitteln. Ein Start in die Skisaison Anfang November, Skifahren im tiefen Puderschnee, Sibirische K\u00fcche entdecken, nette lokale Menschen treffen. All dies erwartet Dich im unglaublichen Sibirien.<\/p>\n<\/div>\n<\/div><\/div><\/div><\/div><div id=\"pg-2443-2\"  class=\"panel-grid panel-no-style\" ><div id=\"pgc-2443-2-0\"  class=\"panel-grid-cell\" ><div id=\"panel-2443-2-0-0\" class=\"so-panel widget widget_sow-editor panel-first-child panel-last-child\" data-index=\"3\" ><div class=\"so-widget-sow-editor so-widget-sow-editor-base\">\n<div class=\"siteorigin-widget-tinymce textwidget\">\n\t<div class=\"kad-youtube-shortcode videofit\"  ><iframe width=\"1100\" height=\"624\" src=\"https:\/\/www.youtube.com\/embed\/tycWVQI1l4k?autoplay=0&controls=1&fs=1&modestbranding=0&theme=dark&rel=0&loop=0&showinfo=1\" frameborder=\"0\" allowfullscreen=\"true\"><\/iframe><\/div>\n<h3>Siberian Powder | Skiing in the Russian Wilderness<\/h3>\n<p>Ein Ski-Abenteuer-Video \u00fcber die Skitourenwoche am Baikalsee im Mamay-Tal. Gefilmt von unseren Freunden im Dezember 2020.<\/p>\n<hr \/>\n<p>&nbsp;<\/p>\n<\/div>\n<\/div><\/div><\/div><\/div><div id=\"pg-2443-3\"  class=\"panel-grid panel-no-style\" ><div id=\"pgc-2443-3-0\"  class=\"panel-grid-cell\" ><div id=\"panel-2443-3-0-0\" class=\"so-panel widget widget_sow-editor panel-first-child panel-last-child\" data-index=\"4\" ><div class=\"so-widget-sow-editor so-widget-sow-editor-base\">\n<div class=\"siteorigin-widget-tinymce textwidget\">\n\t<div class=\"kad-youtube-shortcode videofit\"><iframe src=\"https:\/\/www.youtube.com\/embed\/mU4gKc3Se7c?autoplay=0&amp;controls=1&amp;fs=1&amp;modestbranding=0&amp;theme=dark&amp;rel=0&amp;loop=0\" width=\"1100\" height=\"624\" frameborder=\"0\" allowfullscreen=\"allowfullscreen\" data-mce-fragment=\"1\"><\/iframe><\/div>\n<h3>Skitour in Luzhba, Sibirien.<\/h3>\n<p>Cooles Video der \u201eLuzhba Skitouring Lodge\u201c, gefilmt im Dezember 2017.<\/p>\n<hr \/>\n<\/div>\n<\/div><\/div><\/div><\/div><div id=\"pg-2443-4\"  class=\"panel-grid panel-no-style\" ><div id=\"pgc-2443-4-0\"  class=\"panel-grid-cell\" ><div id=\"panel-2443-4-0-0\" class=\"so-panel widget widget_black-studio-tinymce widget_black_studio_tinymce panel-first-child panel-last-child\" data-index=\"5\" ><div class=\"textwidget\"><div class=\"kad-youtube-shortcode videofit\"  ><iframe width=\"1100\" height=\"624\" src=\"https:\/\/www.youtube.com\/embed\/ChF6u_PKM5k?autoplay=0&controls=1&fs=1&modestbranding=0&theme=dark&rel=0&loop=0&showinfo=1\" frameborder=\"0\" allowfullscreen=\"true\"><\/iframe><\/div>\n<h3>A day in the life, Luzhba Skitouring Lodge.<\/h3>\n<p><span class=\"tlid-translation translation\" lang=\"de\"><span class=\"\" title=\"\">Gefilmt von unseren Freunden in Luzhba, Dezember 2018.<\/span><\/span><\/p>\n<hr \/>\n<\/div><\/div><\/div><\/div><div id=\"pg-2443-5\"  class=\"panel-grid panel-no-style\" ><div id=\"pgc-2443-5-0\"  class=\"panel-grid-cell\" ><div id=\"panel-2443-5-0-0\" class=\"so-panel widget widget_black-studio-tinymce widget_black_studio_tinymce panel-first-child panel-last-child\" data-index=\"6\" ><div class=\"textwidget\"><div class=\"kad-youtube-shortcode videofit\"  ><iframe width=\"1100\" height=\"624\" src=\"https:\/\/www.youtube.com\/embed\/9V2PZ4KntFY?autoplay=0&controls=1&fs=1&modestbranding=0&theme=dark&rel=0&loop=0&showinfo=1\" frameborder=\"0\" allowfullscreen=\"true\"><\/iframe><\/div>\n<h3>Skitouren am Baikalsee<\/h3>\n<p>Toller Film aus dem Mamay-Tal, Skitourenort am Baikalsee. Nehmen Sie sich 5 Minuten Zeit und genie\u00dfen Sie!<\/p>\n<hr \/>\n<\/div><\/div><\/div><\/div><div id=\"pg-2443-6\"  class=\"panel-grid panel-no-style\" ><div id=\"pgc-2443-6-0\"  class=\"panel-grid-cell\" ><div id=\"panel-2443-6-0-0\" class=\"so-panel widget widget_black-studio-tinymce widget_black_studio_tinymce panel-first-child panel-last-child\" data-index=\"7\" ><div class=\"textwidget\"><div class=\"kad-youtube-shortcode videofit\"  ><iframe width=\"550\" height=\"312\" src=\"https:\/\/www.youtube.com\/embed\/RUj0XfppwqU?autoplay=0&controls=1&fs=1&modestbranding=0&theme=dark&rel=0&loop=0&showinfo=1\" frameborder=\"0\" allowfullscreen=\"true\"><\/iframe><\/div>\n<h3>Ride N' Roses - Luzhba 2018<\/h3>\n<p><span class=\"tlid-translation translation\" lang=\"de\"><span title=\"\">Erste Station unserer transsibirischen Skigeschichte: Luzhba.<\/span> <span class=\"\" title=\"\">Kleines Dorf im Herzen des Sibirischen Waldes mit dem Programm von Traumschnee, Wandern und extremer K\u00e4lte ...<\/span><\/span><\/p>\n<hr \/>\n<\/div><\/div><\/div><div id=\"pgc-2443-6-1\"  class=\"panel-grid-cell\" ><div id=\"panel-2443-6-1-0\" class=\"so-panel widget widget_black-studio-tinymce widget_black_studio_tinymce panel-first-child panel-last-child\" data-index=\"8\" ><div class=\"textwidget\"><div class=\"kad-youtube-shortcode videofit\"  ><iframe width=\"550\" height=\"312\" src=\"https:\/\/www.youtube.com\/embed\/oz8Nbz7jw8s?autoplay=0&controls=1&fs=1&modestbranding=0&theme=dark&rel=0&loop=0&showinfo=1\" frameborder=\"0\" allowfullscreen=\"true\"><\/iframe><\/div>\n<h3>Style Altitude - Luzhba Skitouring Lodge 2018<\/h3>\n<p>Life in Luzhba revolves around the railway, it's the only way people \/ supplies etc get in and out and most days we skinned alongside the track. The start of the tannoy announcement was always three distinct tones and I deduced that it sounded like the theme from The Saint TV series and then a bit more Googling and I found the chords. The goods train take nigh on 100secs to go pass and are made up of nigh on 70 trucks and are known as the Siberian Snakes but don't worry I speeded it up. Thanks to a great team for their company. Full story you can read here - <a href=\"https:\/\/www.stylealtitude.com\/skiing-in-siberia-luzhba-skitouring-lodge-skitour-feature.html?fbclid=IwAR35wUtCAWA3kpbGRR_eL6XQ8PR0PdbLejWw9pndeg7WZBaHZ-AVytKTbng\" target=\"_blank\" rel=\"noopener\">Luzhba Skitouring Lodge, November 2018.<\/a><\/p>\n<hr \/>\n<\/div><\/div><\/div><\/div><div id=\"pg-2443-7\"  class=\"panel-grid panel-no-style\" ><div id=\"pgc-2443-7-0\"  class=\"panel-grid-cell\" ><div id=\"panel-2443-7-0-0\" class=\"so-panel widget widget_sow-editor panel-first-child panel-last-child\" data-index=\"9\" ><div class=\"so-widget-sow-editor so-widget-sow-editor-base\">\n<div class=\"siteorigin-widget-tinymce textwidget\">\n\t<div class=\"kad-youtube-shortcode videofit\"  ><iframe width=\"1100\" height=\"624\" src=\"https:\/\/www.youtube.com\/embed\/F-MMnk7dBY8?autoplay=0&controls=1&fs=1&modestbranding=0&theme=dark&rel=0&loop=0&showinfo=1\" frameborder=\"0\" allowfullscreen=\"true\"><\/iframe><\/div>\n<h3>The Great Siberian Traverse<\/h3>\n<p>\u201eThe Great Siberian Traverse\u201c dokumentiert eine 6.000 Meilen lange Skireise durch Russland, entlang der Trans-Sibirischen Eisenbahn. Diese Dokumentation \u2013 mittels einer Zusammenarbeit von POWDER und Sherpas Cinema erstellt \u2013 pr\u00e4sentiert eine Randgruppe von Backcountry Skifahrern, tiefen Sibirischen Puderschnee sowie historische Urspr\u00fcnge des Skifahrens.<\/p>\n<p>Wir haben die Filmcrew vor ihrer Tour beraten und sind sehr gl\u00fccklich dar\u00fcber, dass sie einen richtig guten Film gemacht haben.<\/p>\n<hr \/>\n<\/div>\n<\/div><\/div><\/div><\/div><\/div>","protected":false},"excerpt":{"rendered":"<p>Alle diese Artikel wurden von unseren G\u00e4sten oder Partnern verfasst und repr\u00e4sentieren unsere Ziele in West- und Ostsibirien. Ski Trip en Sib\u00e9rie. Ski-libre.com, Dezember 2021 (auf Franz\u00f6sisch). Ski de rando en Sib\u00e9rie. Skipass.com, Januar 2020 (auf Franz\u00f6sisch). Alla ricerca del &hellip; <a class=\"kt-excerpt-readmore\" href=\"https:\/\/skiinginsiberia.com\/de\/videos\/\" aria-label=\"Medien\">Weiterlesen<\/a><\/p>\n","protected":false},"author":2,"featured_media":0,"parent":0,"menu_order":0,"comment_status":"closed","ping_status":"open","template":"page-fullwidth.php","meta":[],"_links":{"self":[{"href":"https:\/\/skiinginsiberia.com\/de\/wp-json\/wp\/v2\/pages\/2443"}],"collection":[{"href":"https:\/\/skiinginsiberia.com\/de\/wp-json\/wp\/v2\/pages"}],"about":[{"href":"https:\/\/skiinginsiberia.com\/de\/wp-json\/wp\/v2\/types\/page"}],"author":[{"embeddable":true,"href":"https:\/\/skiinginsiberia.com\/de\/wp-json\/wp\/v2\/users\/2"}],"replies":[{"embeddable":true,"href":"https:\/\/skiinginsiberia.com\/de\/wp-json\/wp\/v2\/comments?post=2443"}],"version-history":[{"count":26,"href":"https:\/\/skiinginsiberia.com\/de\/wp-json\/wp\/v2\/pages\/2443\/revisions"}],"predecessor-version":[{"id":7702,"href":"https:\/\/skiinginsiberia.com\/de\/wp-json\/wp\/v2\/pages\/2443\/revisions\/7702"}],"wp:attachment":[{"href":"https:\/\/skiinginsiberia.com\/de\/wp-json\/wp\/v2\/media?parent=2443"}],"curies":[{"name":"wp","href":"https:\/\/api.w.org\/{rel}","templated":true}]}}