{"id":3322,"date":"2015-07-27T12:25:28","date_gmt":"2015-07-27T11:25:28","guid":{"rendered":"http:\/\/skiinginsiberia.com\/skitouring\/"},"modified":"2018-07-13T12:18:20","modified_gmt":"2018-07-13T11:18:20","slug":"skitouring","status":"publish","type":"page","link":"https:\/\/skiinginsiberia.com\/de\/skitouring\/","title":{"rendered":"Skitouren"},"content":{"rendered":"<div id=\"pl-3322\"  class=\"panel-layout\" ><div id=\"pg-3322-0\"  class=\"panel-grid panel-no-style\" ><div id=\"pgc-3322-0-0\"  class=\"panel-grid-cell\" ><div id=\"panel-3322-0-0-0\" class=\"so-panel widget widget_black-studio-tinymce widget_black_studio_tinymce panel-first-child panel-last-child\" data-index=\"0\" ><div class=\"textwidget\"><p>Sibirien ist ein riesiges Land mit unz\u00e4hligen Skiorten. Unser Bergf\u00fchrerteam hat ihre langj\u00e4hrige Erfahrung genutzt und die besten Ziele und Reiserouten f\u00fcr Skifahren ausgew\u00e4hlt. Kuznetskiy Alatau und Gornaya Shoriya im Westen Sibiriens sind unsere regionalen Schwerpunkte. Wir f\u00fchren auch, je nach Kundenwunsch, Backcountry Programmen in der Khamar-Daban Bergregion durch, in der N\u00e4he vom Baikalsee (im Osten von Sibirien). Weiterhin sind wir immer auf der Suche nach neuen Orten mit dem besten Schnee, interessanten Gel\u00e4nde und gro\u00dfartigen Aussichten.<\/p>\n<p>Liebe Backcountry Skifahrer und Snowboarder, willkommen im Pulverschneemekka! Wir wissen, warum Du Skifahren liebst, weil wir auch Skifahrer sind. Es ist unser Ziel, mit Dir den tiefsten und leichtesten Pulverschnee sowie das abwechslungsreiche Gel\u00e4nde und die magische Landschaft Sibiriens zu teilen.<\/p>\n<p>Alle unsere Programme k\u00f6nnen individuell angepasst werden, sodass sie auf Deine W\u00fcnsche und F\u00e4higkeiten ma\u00dfgeschneidert sind. Dank unserer Erfahrungen und Kenntnisse dieser Region k\u00f6nnen wir eine Reise oder Expedition in jede sibirische Bergkette organisieren. Frage uns einfach nach dem Teil Sibiriens, welchen Du gerne besuchen m\u00f6chtest \u2013 gerne auch die abgelegensten Ecken \u2013 und wir werden Deine Tr\u00e4ume in Erf\u00fcllung gehen lassen.<\/p>\n<\/div><\/div><\/div><\/div><div id=\"pg-3322-1\"  class=\"panel-grid panel-no-style\" ><div id=\"pgc-3322-1-0\"  class=\"panel-grid-cell\" ><div id=\"panel-3322-1-0-0\" class=\"so-panel widget widget_virtue_imgmenu_widget virtue_imgmenu_widget panel-first-child panel-last-child\" data-index=\"1\" ><div class=\" kadence_img_menu_widget kt_image_menu_widget-1-0-0 kad-animation\" data-animation=\"fade-in\" data-delay=\"150\"><a href=\"http:\/\/skiinginsiberia.com\/de\/skitouring\/luzhba\/\" id=\"image-menu-id-widget-1-0-0\" class=\"homepromolink\" target=\"_self\"><div class=\"infobanner\" style=\"background: url(https:\/\/skiinginsiberia.com\/wp-content\/uploads\/2015\/06\/01_siberia_luzhba_048.jpg) center center no-repeat; height:400px; background-size: cover;\"><div class=\"home-message\" style=\"height:400px;\"><h5>Luzhba Skitouren Lodge<\/h5><\/div><\/div><\/a><\/div><\/div><\/div><div id=\"pgc-3322-1-1\"  class=\"panel-grid-cell\" ><div id=\"panel-3322-1-1-0\" class=\"so-panel widget widget_virtue_imgmenu_widget virtue_imgmenu_widget panel-first-child panel-last-child\" data-index=\"2\" ><div class=\" kadence_img_menu_widget kt_image_menu_widget-1-1-0 kad-animation\" data-animation=\"fade-in\" data-delay=\"150\"><a href=\"http:\/\/skiinginsiberia.com\/de\/skitouring\/baikal-lake\/\" id=\"image-menu-id-widget-1-1-0\" class=\"homepromolink\" target=\"_self\"><div class=\"infobanner\" style=\"background: url(https:\/\/skiinginsiberia.com\/wp-content\/uploads\/2017\/01\/skitouring_siberia_baikal-lake_05.jpg) center center no-repeat; height:400px; background-size: cover;\"><div class=\"home-message\" style=\"height:400px;\"><h5>Skitouren am Baikalsee<\/h5><\/div><\/div><\/a><\/div><\/div><\/div><\/div><div id=\"pg-3322-2\"  class=\"panel-grid panel-no-style\" ><div id=\"pgc-3322-2-0\"  class=\"panel-grid-cell\" ><div id=\"panel-3322-2-0-0\" class=\"so-panel widget widget_virtue_gmap_widget virtue_gmap_widget panel-first-child panel-last-child\" data-index=\"3\" >\t\t<div id=\"map_address233\" style=\"height:550px; margin-bottom:20px;\" class=\"kad_google_map kt-gmap-js-init\" data-maptype=\"TERRAIN\" data-map-scrollwheel=\"false\" data-mapzoom=\"5\" data-mapcenter=\"Biskamzha\" data-address1=\"Luzhba, Kemerovo Oblast, Russia\" data-address2=\"51.204407, 104.521791\" data-address3=\"\" data-address4=\"\" data-position1=\"\" data-position2=\"\" data-position3=\"\" data-position4=\"\" data-title1=\"Luzhba Skitouren Lodge \" data-title2=\"Skitouren am Baikalsee\" data-title3=\"\" data-title4=\"\">\n\t\t<\/div>\n\t\t<\/div><\/div><\/div><div id=\"pg-3322-3\"  class=\"panel-grid panel-no-style\" ><div id=\"pgc-3322-3-0\"  class=\"panel-grid-cell\" ><div id=\"panel-3322-3-0-0\" class=\"so-panel widget widget_black-studio-tinymce widget_black_studio_tinymce panel-first-child panel-last-child\" data-index=\"4\" ><h3 class=\"widget-title\"> Zusammenarbeit mit Gastbergf\u00fchrern <\/h3><div class=\"textwidget\"><p>Wenn Du als Berg- oder Skif\u00fchrer mit Deiner eigenen Gruppe Sibirien erkunden m\u00f6chtest, werden wir uns \u00fcber eine Zusammenarbeit freuen, um gemeinsam das bestm\u00f6gliche Ski- und Splitboarderlebnis f\u00fcr Deine Kunden realisieren zu k\u00f6nnen. Weil unsere Bergf\u00fchrer sehr vertraut sind mit den verschiedenen Regionen Sibiriens, k\u00f6nnen wir Deinen Kunden eine wundervolle Reise gew\u00e4hrleisten. Wir bieten sowohl Pauschalangebote f\u00fcr Skitouren in Luzhba und Snowcatski in Priiskovoe an, als auch individuell angepasste Reisen in jede Region Sibiriens. Bitte nimm einfach Kontakt auf f\u00fcr mehr Details.<\/p>\n<p>&nbsp;<\/p>\n<\/div><\/div><\/div><\/div><\/div>","protected":false},"excerpt":{"rendered":"<p>Sibirien ist ein riesiges Land mit unz\u00e4hligen Skiorten. Unser Bergf\u00fchrerteam hat ihre langj\u00e4hrige Erfahrung genutzt und die besten Ziele und Reiserouten f\u00fcr Skifahren ausgew\u00e4hlt. Kuznetskiy Alatau und Gornaya Shoriya im Westen Sibiriens sind unsere regionalen Schwerpunkte. Wir f\u00fchren auch, je &hellip; <a class=\"kt-excerpt-readmore\" href=\"https:\/\/skiinginsiberia.com\/de\/skitouring\/\" aria-label=\"Skitouren\">Weiterlesen<\/a><\/p>\n","protected":false},"author":3,"featured_media":0,"parent":0,"menu_order":0,"comment_status":"closed","ping_status":"open","template":"page-fullwidth.php","meta":[],"_links":{"self":[{"href":"https:\/\/skiinginsiberia.com\/de\/wp-json\/wp\/v2\/pages\/3322"}],"collection":[{"href":"https:\/\/skiinginsiberia.com\/de\/wp-json\/wp\/v2\/pages"}],"about":[{"href":"https:\/\/skiinginsiberia.com\/de\/wp-json\/wp\/v2\/types\/page"}],"author":[{"embeddable":true,"href":"https:\/\/skiinginsiberia.com\/de\/wp-json\/wp\/v2\/users\/3"}],"replies":[{"embeddable":true,"href":"https:\/\/skiinginsiberia.com\/de\/wp-json\/wp\/v2\/comments?post=3322"}],"version-history":[{"count":5,"href":"https:\/\/skiinginsiberia.com\/de\/wp-json\/wp\/v2\/pages\/3322\/revisions"}],"predecessor-version":[{"id":3327,"href":"https:\/\/skiinginsiberia.com\/de\/wp-json\/wp\/v2\/pages\/3322\/revisions\/3327"}],"wp:attachment":[{"href":"https:\/\/skiinginsiberia.com\/de\/wp-json\/wp\/v2\/media?parent=3322"}],"curies":[{"name":"wp","href":"https:\/\/api.w.org\/{rel}","templated":true}]}}