{"id":7758,"date":"2019-10-03T10:58:36","date_gmt":"2019-10-03T09:58:36","guid":{"rendered":"http:\/\/skiinginsiberia.com\/?page_id=7758"},"modified":"2019-10-03T10:58:36","modified_gmt":"2019-10-03T09:58:36","slug":"welcome-to-siberia","status":"publish","type":"page","link":"https:\/\/skiinginsiberia.com\/de\/welcome-to-siberia\/","title":{"rendered":"Willkommen in Sibirien"},"content":{"rendered":"<div id=\"pl-7758\"  class=\"panel-layout\" ><div id=\"pg-7758-0\"  class=\"panel-grid panel-no-style\" ><div id=\"pgc-7758-0-0\"  class=\"panel-grid-cell\" ><div id=\"panel-7758-0-0-0\" class=\"so-panel widget widget_black-studio-tinymce widget_black_studio_tinymce panel-first-child panel-last-child\" data-index=\"0\" ><div class=\"textwidget\"><p>Sibirien ist das Herz von Russland, ein riesiges Territorium mit tausenden Kilometern von Bergketten.<\/p>\n<p>Zuerst einmal ein paar Fakten \u00fcber Sibirien: mit einer Ausbreitung von mehr als Zehn Millionen Kilometern ist das Territorium von Sibirien zweimal gr\u00f6\u00dfer als Westeuropa und sogar gr\u00f6\u00dfer als Kanada, das zweitgr\u00f6\u00dfte Land der Welt. Die Bev\u00f6lkerungsdichte betr\u00e4gt nur ca. 2 Einwohner pro 1000km2. Und als besonderer H\u00f6hepunkt ist Sibirien ein Land der Berge mit mehr als 10 Gebirgsketten, jede zwischen 300 bis 1800 Kilometer lang. Die Gesamtl\u00e4nge der Gebirgsketten betr\u00e4gt mehr als 8000 Kilometer!<\/p>\n<p>Durch Gold, Platin, Silber, Diamanten und andere Edelmetalle und \u2013steine ist Sibirien sehr wohlhabend. Aber der f\u00fcr uns wahre Wert von Sibirien ist eindeutig das \u201ewei\u00dfe Gold\u201c - der Schnee. Arktische Luftmassen bringen fr\u00fche und heftige Schneef\u00e4lle, die bereits ab November Skifahren bei perfekten Bedingungen und bestem Pulverschnee garantieren. Wir holen das Optimum aus diesen massiven Schneef\u00e4llen - einen unglaublich fr\u00fchen Start in die Skisaison bei unterschiedlichstem Terrain. Und zur Kr\u00f6nung: w\u00e4hrend Du selbst in den meisten anderen, popul\u00e4ren Backcountry Regionen hin und wieder einige wenige Skifahrer oder Snowboarder triffst, ist es hier wahrscheinlicher, dass Du v\u00f6llig alleine unterwegs bist.<\/p>\n<p>Wir laden Dich in diese Terra inkognito ein: erkunde die abgelegensten Ecken des Landes, mache unvergessliche kulturelle und gastronomische Erfahrungen und treffe die \u00e4u\u00dferst gastfreundlichen Bewohner Sibiriens.<\/p>\n<p>Willkommen in Sibirien - das Land der Berge wartet durch Dich entdeckt zu werden!<\/p>\n<\/div><\/div><\/div><\/div><div id=\"pg-7758-1\"  class=\"panel-grid panel-no-style\" ><div id=\"pgc-7758-1-0\"  class=\"panel-grid-cell\" ><div id=\"panel-7758-1-0-0\" class=\"so-panel widget widget_sow-image panel-first-child panel-last-child\" data-index=\"1\" ><div class=\"so-widget-sow-image so-widget-sow-image-default-d6014b76747a-7758\">\n\n<div class=\"sow-image-container\">\n\t\t<img src=\"https:\/\/skiinginsiberia.com\/wp-content\/uploads\/2015\/06\/01_siberia_luzhba_048.jpg\" width=\"600\" height=\"400\" srcset=\"https:\/\/skiinginsiberia.com\/wp-content\/uploads\/2015\/06\/01_siberia_luzhba_048.jpg 600w, https:\/\/skiinginsiberia.com\/wp-content\/uploads\/2015\/06\/01_siberia_luzhba_048-300x200.jpg 300w, https:\/\/skiinginsiberia.com\/wp-content\/uploads\/2015\/06\/01_siberia_luzhba_048-272x182.jpg 272w\" sizes=\"(max-width: 600px) 100vw, 600px\" alt=\"\" loading=\"lazy\" \t\tclass=\"so-widget-image\"\/>\n\t<\/div>\n\n<\/div><\/div><\/div><div id=\"pgc-7758-1-1\"  class=\"panel-grid-cell\" ><div id=\"panel-7758-1-1-0\" class=\"so-panel widget widget_sow-image panel-first-child panel-last-child\" data-index=\"2\" ><div class=\"so-widget-sow-image so-widget-sow-image-default-d6014b76747a-7758\">\n\n<div class=\"sow-image-container\">\n\t\t<img src=\"https:\/\/skiinginsiberia.com\/wp-content\/uploads\/2015\/06\/02_siberia_luzhba_017.jpg\" width=\"600\" height=\"400\" srcset=\"https:\/\/skiinginsiberia.com\/wp-content\/uploads\/2015\/06\/02_siberia_luzhba_017.jpg 600w, https:\/\/skiinginsiberia.com\/wp-content\/uploads\/2015\/06\/02_siberia_luzhba_017-300x200.jpg 300w, https:\/\/skiinginsiberia.com\/wp-content\/uploads\/2015\/06\/02_siberia_luzhba_017-272x182.jpg 272w\" sizes=\"(max-width: 600px) 100vw, 600px\" alt=\"\" loading=\"lazy\" \t\tclass=\"so-widget-image\"\/>\n\t<\/div>\n\n<\/div><\/div><\/div><\/div><div id=\"pg-7758-2\"  class=\"panel-grid panel-no-style\" ><div id=\"pgc-7758-2-0\"  class=\"panel-grid-cell\" ><div id=\"panel-7758-2-0-0\" class=\"so-panel widget widget_sow-image panel-first-child panel-last-child\" data-index=\"3\" ><div class=\"so-widget-sow-image so-widget-sow-image-default-d6014b76747a-7758\">\n\n<div class=\"sow-image-container\">\n\t\t<img src=\"https:\/\/skiinginsiberia.com\/wp-content\/uploads\/2015\/06\/siberia_luzhba_054-Edit.jpg\" width=\"1200\" height=\"800\" srcset=\"https:\/\/skiinginsiberia.com\/wp-content\/uploads\/2015\/06\/siberia_luzhba_054-Edit.jpg 1200w, https:\/\/skiinginsiberia.com\/wp-content\/uploads\/2015\/06\/siberia_luzhba_054-Edit-300x200.jpg 300w, https:\/\/skiinginsiberia.com\/wp-content\/uploads\/2015\/06\/siberia_luzhba_054-Edit-1024x683.jpg 1024w, https:\/\/skiinginsiberia.com\/wp-content\/uploads\/2015\/06\/siberia_luzhba_054-Edit-272x182.jpg 272w\" sizes=\"(max-width: 1200px) 100vw, 1200px\" alt=\"\" loading=\"lazy\" \t\tclass=\"so-widget-image\"\/>\n\t<\/div>\n\n<\/div><\/div><\/div><\/div><\/div>","protected":false},"excerpt":{"rendered":"<p>Sibirien ist das Herz von Russland, ein riesiges Territorium mit tausenden Kilometern von Bergketten. Zuerst einmal ein paar Fakten \u00fcber Sibirien: mit einer Ausbreitung von mehr als Zehn Millionen Kilometern ist das Territorium von Sibirien zweimal gr\u00f6\u00dfer als Westeuropa und &hellip; <a class=\"kt-excerpt-readmore\" href=\"https:\/\/skiinginsiberia.com\/de\/welcome-to-siberia\/\" aria-label=\"Willkommen in Sibirien\">Weiterlesen<\/a><\/p>\n","protected":false},"author":2,"featured_media":0,"parent":0,"menu_order":0,"comment_status":"open","ping_status":"closed","template":"page-fullwidth.php","meta":[],"_links":{"self":[{"href":"https:\/\/skiinginsiberia.com\/de\/wp-json\/wp\/v2\/pages\/7758"}],"collection":[{"href":"https:\/\/skiinginsiberia.com\/de\/wp-json\/wp\/v2\/pages"}],"about":[{"href":"https:\/\/skiinginsiberia.com\/de\/wp-json\/wp\/v2\/types\/page"}],"author":[{"embeddable":true,"href":"https:\/\/skiinginsiberia.com\/de\/wp-json\/wp\/v2\/users\/2"}],"replies":[{"embeddable":true,"href":"https:\/\/skiinginsiberia.com\/de\/wp-json\/wp\/v2\/comments?post=7758"}],"version-history":[{"count":2,"href":"https:\/\/skiinginsiberia.com\/de\/wp-json\/wp\/v2\/pages\/7758\/revisions"}],"predecessor-version":[{"id":7760,"href":"https:\/\/skiinginsiberia.com\/de\/wp-json\/wp\/v2\/pages\/7758\/revisions\/7760"}],"wp:attachment":[{"href":"https:\/\/skiinginsiberia.com\/de\/wp-json\/wp\/v2\/media?parent=7758"}],"curies":[{"name":"wp","href":"https:\/\/api.w.org\/{rel}","templated":true}]}}