{"id":7740,"date":"2019-10-03T10:53:04","date_gmt":"2019-10-03T09:53:04","guid":{"rendered":"http:\/\/skiinginsiberia.com\/?page_id=7740"},"modified":"2019-10-03T10:53:04","modified_gmt":"2019-10-03T09:53:04","slug":"welcome-to-siberia","status":"publish","type":"page","link":"https:\/\/skiinginsiberia.com\/fr\/welcome-to-siberia\/","title":{"rendered":"Bienvenue en Sib\u00e9rie"},"content":{"rendered":"<div id=\"pl-7740\"  class=\"panel-layout\" ><div id=\"pg-7740-0\"  class=\"panel-grid panel-no-style\" ><div id=\"pgc-7740-0-0\"  class=\"panel-grid-cell\" ><div id=\"panel-7740-0-0-0\" class=\"so-panel widget widget_black-studio-tinymce widget_black_studio_tinymce panel-first-child panel-last-child\" data-index=\"0\" ><div class=\"textwidget\"><p>La Sib\u00e9rie, au c\u0153ur de la Russie, est un territoire immense qui inclut des milliers de kilom\u00e8tres de cha\u00eenes de montagnes.<\/p>\n<p>Regardons quelques \u00e9l\u00e9ments fondamentaux : \u00e9tendue sur une r\u00e9gion de plus de dix millions de kilom\u00e8tres carr\u00e9s, la Sib\u00e9rie est deux fois plus grande que l\u2019Europe de l\u2019ouest et plus vaste que le Canada qui est le deuxi\u00e8me pays le plus grand au monde. Sa densit\u00e9 de population s\u2019\u00e9l\u00e8ve \u00e0 deux habitants pour mille kilom\u00e8tres carr\u00e9s. Cependant, il faut savoir que la Sib\u00e9rie est un espace de montagnes avec plus de dix cha\u00eenes qui s\u2019\u00e9tendent entre trois cents et mille huit cents kilom\u00e8tres de longueur. Au total ces montagnes forment une ligne de plus de huit mille kilom\u00e8tres.<\/p>\n<p>La richesse de la Sib\u00e9rie provient de l\u2019or, du platine, de l\u2019argent, des diamants et de beaucoup d\u2019autres m\u00e9taux pr\u00e9cieux et pierres pr\u00e9cieuses. Mais la vraie richesse de la Sib\u00e9rie est la neige. Les masses d\u2019air qui proviennent de l\u2019Arctique apportent tr\u00e8s t\u00f4t dans la saison d\u2019importantes chutes de neige qui garantissent une poudreuse parfaite pour le ski d\u00e8s le d\u00e9but du mois de novembre. Notre organisation, Skiing in Siberia, tire profit de cette quantit\u00e9 de neige exceptionnelle pour vous offrir une avant-saison de ski unique dans des champs de neige particuli\u00e8rement vari\u00e9s. De plus, m\u00eame si vous fr\u00e9quentez les secteurs les plus populaires pour la randonn\u00e9e \u00e0 skis, il est fort possible que vous ne rencontriez que quelques skieurs et surfeurs. La plupart du temps, vous serez seul \u00e0 skier.<\/p>\n<p>Nous vous invitons en cette Terra incognita pour d\u00e9couvrir les coins les plus isol\u00e9s du pays, pour participer \u00e0 une exp\u00e9rience culturelle et gastronomique inoubliable et pour appr\u00e9cier l\u2019hospitalit\u00e9 des populations locales.<\/p>\n<p>Bienvenue en Sib\u00e9rie, le territoire des montagnes qui restent \u00e0 d\u00e9couvrir.<\/p>\n<\/div><\/div><\/div><\/div><div id=\"pg-7740-1\"  class=\"panel-grid panel-no-style\" ><div id=\"pgc-7740-1-0\"  class=\"panel-grid-cell\" ><div id=\"panel-7740-1-0-0\" class=\"so-panel widget widget_sow-image panel-first-child panel-last-child\" data-index=\"1\" ><div class=\"so-widget-sow-image so-widget-sow-image-default-d6014b76747a-7740\">\n\n<div class=\"sow-image-container\">\n\t\t<img src=\"https:\/\/skiinginsiberia.com\/wp-content\/uploads\/2015\/06\/01_siberia_luzhba_048.jpg\" width=\"600\" height=\"400\" srcset=\"https:\/\/skiinginsiberia.com\/wp-content\/uploads\/2015\/06\/01_siberia_luzhba_048.jpg 600w, https:\/\/skiinginsiberia.com\/wp-content\/uploads\/2015\/06\/01_siberia_luzhba_048-300x200.jpg 300w, https:\/\/skiinginsiberia.com\/wp-content\/uploads\/2015\/06\/01_siberia_luzhba_048-272x182.jpg 272w\" sizes=\"(max-width: 600px) 100vw, 600px\" alt=\"\" loading=\"lazy\" \t\tclass=\"so-widget-image\"\/>\n\t<\/div>\n\n<\/div><\/div><\/div><div id=\"pgc-7740-1-1\"  class=\"panel-grid-cell\" ><div id=\"panel-7740-1-1-0\" class=\"so-panel widget widget_sow-image panel-first-child panel-last-child\" data-index=\"2\" ><div class=\"so-widget-sow-image so-widget-sow-image-default-d6014b76747a-7740\">\n\n<div class=\"sow-image-container\">\n\t\t<img src=\"https:\/\/skiinginsiberia.com\/wp-content\/uploads\/2015\/06\/02_siberia_luzhba_017.jpg\" width=\"600\" height=\"400\" srcset=\"https:\/\/skiinginsiberia.com\/wp-content\/uploads\/2015\/06\/02_siberia_luzhba_017.jpg 600w, https:\/\/skiinginsiberia.com\/wp-content\/uploads\/2015\/06\/02_siberia_luzhba_017-300x200.jpg 300w, https:\/\/skiinginsiberia.com\/wp-content\/uploads\/2015\/06\/02_siberia_luzhba_017-272x182.jpg 272w\" sizes=\"(max-width: 600px) 100vw, 600px\" alt=\"\" loading=\"lazy\" \t\tclass=\"so-widget-image\"\/>\n\t<\/div>\n\n<\/div><\/div><\/div><\/div><div id=\"pg-7740-2\"  class=\"panel-grid panel-no-style\" ><div id=\"pgc-7740-2-0\"  class=\"panel-grid-cell\" ><div id=\"panel-7740-2-0-0\" class=\"so-panel widget widget_sow-image panel-first-child panel-last-child\" data-index=\"3\" ><div class=\"so-widget-sow-image so-widget-sow-image-default-d6014b76747a-7740\">\n\n<div class=\"sow-image-container\">\n\t\t<img src=\"https:\/\/skiinginsiberia.com\/wp-content\/uploads\/2015\/06\/siberia_luzhba_054-Edit.jpg\" width=\"1200\" height=\"800\" srcset=\"https:\/\/skiinginsiberia.com\/wp-content\/uploads\/2015\/06\/siberia_luzhba_054-Edit.jpg 1200w, https:\/\/skiinginsiberia.com\/wp-content\/uploads\/2015\/06\/siberia_luzhba_054-Edit-300x200.jpg 300w, https:\/\/skiinginsiberia.com\/wp-content\/uploads\/2015\/06\/siberia_luzhba_054-Edit-1024x683.jpg 1024w, https:\/\/skiinginsiberia.com\/wp-content\/uploads\/2015\/06\/siberia_luzhba_054-Edit-272x182.jpg 272w\" sizes=\"(max-width: 1200px) 100vw, 1200px\" alt=\"\" loading=\"lazy\" \t\tclass=\"so-widget-image\"\/>\n\t<\/div>\n\n<\/div><\/div><\/div><\/div><\/div>","protected":false},"excerpt":{"rendered":"<p>La Sib\u00e9rie, au c\u0153ur de la Russie, est un territoire immense qui inclut des milliers de kilom\u00e8tres de cha\u00eenes de montagnes. Regardons quelques \u00e9l\u00e9ments fondamentaux : \u00e9tendue sur une r\u00e9gion de plus de dix millions de kilom\u00e8tres carr\u00e9s, la Sib\u00e9rie &hellip; <a class=\"kt-excerpt-readmore\" href=\"https:\/\/skiinginsiberia.com\/fr\/welcome-to-siberia\/\" aria-label=\"Bienvenue en Sib\u00e9rie\">Lire la suite<\/a><\/p>\n","protected":false},"author":2,"featured_media":0,"parent":0,"menu_order":0,"comment_status":"open","ping_status":"closed","template":"page-fullwidth.php","meta":[],"_links":{"self":[{"href":"https:\/\/skiinginsiberia.com\/fr\/wp-json\/wp\/v2\/pages\/7740"}],"collection":[{"href":"https:\/\/skiinginsiberia.com\/fr\/wp-json\/wp\/v2\/pages"}],"about":[{"href":"https:\/\/skiinginsiberia.com\/fr\/wp-json\/wp\/v2\/types\/page"}],"author":[{"embeddable":true,"href":"https:\/\/skiinginsiberia.com\/fr\/wp-json\/wp\/v2\/users\/2"}],"replies":[{"embeddable":true,"href":"https:\/\/skiinginsiberia.com\/fr\/wp-json\/wp\/v2\/comments?post=7740"}],"version-history":[{"count":2,"href":"https:\/\/skiinginsiberia.com\/fr\/wp-json\/wp\/v2\/pages\/7740\/revisions"}],"predecessor-version":[{"id":7742,"href":"https:\/\/skiinginsiberia.com\/fr\/wp-json\/wp\/v2\/pages\/7740\/revisions\/7742"}],"wp:attachment":[{"href":"https:\/\/skiinginsiberia.com\/fr\/wp-json\/wp\/v2\/media?parent=7740"}],"curies":[{"name":"wp","href":"https:\/\/api.w.org\/{rel}","templated":true}]}}